{"id":934,"date":"2025-03-09T14:59:12","date_gmt":"2025-03-09T14:59:12","guid":{"rendered":"https:\/\/artriedwyl.ch\/?page_id=934"},"modified":"2025-06-30T14:24:35","modified_gmt":"2025-06-30T14:24:35","slug":"ausstellungen-menue","status":"publish","type":"page","link":"https:\/\/artriedwyl.ch\/?page_id=934","title":{"rendered":"Ausstellungen"},"content":{"rendered":"\n<a href=\"javascript:history.back()\" class=\"floating-back-button hover-zoom\">\r\n    <span class=\"arrow-icon\">&lt;<\/span>\r\n<\/a>\n\n\n\n<div class=\"wp-block-columns is-layout-flex wp-container-core-columns-is-layout-28f84493 wp-block-columns-is-layout-flex\">\n<div class=\"wp-block-column is-layout-flow wp-block-column-is-layout-flow\" style=\"flex-basis:100%\">\n<div class=\"wp-block-cover alignfull is-light hestia-clear-top-padding\"><span aria-hidden=\"true\" class=\"wp-block-cover__background has-white-background-color has-background-dim-0 has-background-dim\"><\/span><div class=\"wp-block-cover__inner-container is-layout-flow wp-block-cover-is-layout-flow\">\n<h2 class=\"wp-block-heading has-text-align-center html has-black-color has-text-color\">Ausstellungs Men\u00fc<\/h2>\n\n\n\n<div style=\"height:25px\" aria-hidden=\"true\" class=\"wp-block-spacer\"><\/div>\n\n\n\n<hr class=\"wp-block-separator has-text-color has-black-color has-alpha-channel-opacity has-black-background-color has-background is-style-wide\" style=\"margin-top:var(--wp--preset--spacing--30);margin-bottom:var(--wp--preset--spacing--30)\" id=\"foto\"\/>\n\n\n\n<div style=\"height:25px\" aria-hidden=\"true\" class=\"wp-block-spacer\"><\/div>\n\n\n\n<div class=\"wp-block-columns is-layout-flex wp-container-core-columns-is-layout-28f84493 wp-block-columns-is-layout-flex\">\n<div class=\"wp-block-column is-layout-flow wp-block-column-is-layout-flow\">\n<h2 class=\"wp-block-heading alignwide has-text-align-center\" style=\"padding-top:var(--wp--preset--spacing--20);padding-right:var(--wp--preset--spacing--50);padding-bottom:var(--wp--preset--spacing--20);padding-left:var(--wp--preset--spacing--50);font-size:28px\">           Ausstellungsliste<br><\/h2>\n\n\n\n<figure class=\"wp-block-image aligncenter size-full is-resized has-custom-border hover-zoom\"><img loading=\"lazy\" decoding=\"async\" width=\"515\" height=\"515\" src=\"https:\/\/artriedwyl.ch\/wp-content\/uploads\/2025\/03\/Signet-PR.jpg\" alt=\"\" class=\"wp-image-989\" style=\"border-radius:4px;width:241px;height:auto\" srcset=\"https:\/\/artriedwyl.ch\/wp-content\/uploads\/2025\/03\/Signet-PR.jpg 515w, https:\/\/artriedwyl.ch\/wp-content\/uploads\/2025\/03\/Signet-PR-300x300.jpg 300w, https:\/\/artriedwyl.ch\/wp-content\/uploads\/2025\/03\/Signet-PR-150x150.jpg 150w\" sizes=\"auto, (max-width: 515px) 100vw, 515px\" \/><\/figure>\n\n\n\n<p>Seit 1970 habe ich bis heute im ganzen an Total 90 Ausstellungen teilgenommen oder selbst organisiert und durchgef\u00fchrt. Im Artikel finden Sie die Aufz\u00e4hlung der bislang durchgef\u00fchrten Einzel- und Gruppen-Ausstellungen und der durchgef\u00fchrten Foto-Kursen &#8222;das Auge schulen&#8220;.<\/p>\n\n\n\n<div class=\"wp-block-buttons is-content-justification-center is-layout-flex wp-container-core-buttons-is-layout-a89b3969 wp-block-buttons-is-layout-flex\">\n<div class=\"wp-block-button button-hover-zoom is-style-outline is-style-outline--1\"><a class=\"wp-block-button__link has-white-color has-text-color has-background has-link-color has-text-align-center wp-element-button\" href=\"https:\/\/artriedwyl.ch\/?page_id=831\" style=\"border-radius:4px;background:linear-gradient(219deg,rgb(169,169,169) 1%,rgb(45,45,45) 100%)\">Zum Artikel<\/a><\/div>\n<\/div>\n\n\n\n<p class=\"has-small-font-size\"><strong>AUSSTELLUNGS-VERZEICHNIS<\/strong><\/p>\n\n\n\n<p class=\"has-small-font-size\"><\/p>\n\n\n\n<p class=\"has-small-font-size\">E = Einzelausstellung                G = Gruppenausstellung<\/p>\n\n\n\n<div class=\"wp-block-group is-layout-constrained wp-block-group-is-layout-constrained\">\n<p class=\"has-text-align-left\">G 21.10. &#8212; 28.10.72 Gewerkschaftshaus VPOD, Basel G 01.12. &#8211; 09.12.73 Gewerkschaftshaus VPOD, Basel G 25.01. &#8211; 31.01.75 Galerie Lohweg 4, Basel G               12.04. &#8211; 27.04.75 COOP Bildungszentr. Muttenz G       03.09 &#8211; 30.10.77 Fotocenter St. Johann, Basel G        21.10. &#8211; 29.11.78 Galerie Ascot, Aesch G                    02.02. -15.04.79 Leihbibliothek der GGG, Basel G      09.05. &#8211; 15.05.79 Kunstausstellung BEA, Bern G              ab 30.11.79 &#8211; 89 Galerie Team 70, Basel G                 13.04. &#8211; 02.05.80 Ausstellungsr. Basler K\u00fcnstler Kaserne Basel &#8211; Gruppenausstellung Basler Fotografen G 05.10. -19.10.80 COOP Bildungszentr. Muttenz E 28.08. &#8211; 04.09.81 Nikon Galerie, Z\u00fcrich G 24.10. &#8211; 19.11.81 Galerie Hofsch\u00fcr, Neuthal G 29.10. &#8211; 29.11.81 Hotel Hilton, Basel G 04.12. &#8211; 03.01.82 Galerie Team 70, Basel Weihn.A. E 10.06. &#8211; 04.07.82 Galerie Team 70, Basel G 05.06. &#8211; 20.06.82 Rencontre d&#8217;Art, Linsdorf F E 28.08. &#8211; 05.09.82 Galeria Maggiorotto, Italien G 29.10. &#8211; 25.11.82 Galerie Team 70, Basel G 25.11. &#8211; 15.01.83 Kunsthalle Basel Weihnachtsausst E 18.11. &#8211; 17.12.83 Klubschule Migros, Basel G 03.11. &#8211; 27.11.83 Galerie Team 70, Basel G 07.11. &#8211; 01.12.84 Galerie Team 70, Basel E 18.10. &#8211; 29.11.85 Fotogalerie Klubschule M, Z\u00fcrich G 10.11. &#8211; 17.11.85 VKK, Sporthalle St.Jakob, Basel G 23.03. &#8211; 27.04.86 Basellandsch.Kunstausst. Arlesh. E 08.08. &#8211; 06.09.86 Forum Galerie MMM Zugerland G 05.06. &#8211; 26.06.88 Basellandsch.Kunstausst. Oberw. G 15.05. &#8211; 18.05.92 Kunstausst. B\u00fcrgergem. M&#8217;stein E 15.12. &#8211; 10.05.93 Tobler Treuhand, M\u00fcnchenstein E 05.03. &#8211; 16.04.94 Neue Gemeindebiblioth. M&#8217;stein G 08.03. &#8211; 24.03.96 Steinackerhaus, Aesch G 21.07. &#8211; 22.07.97 Galerie du Jardin, M\u00fcnchenstein G 12.09. &#8211; 21.09.97 Galerie 47, Reinach G 29.08. &#8211; 31.08.97 Aktion Kulturbaum, KUSPO, M&#8217;stein G 14.11. &#8211; 16.11.97 Retropersp. B\u00fcrgergem. M&#8217;stein G 16.11. &#8211; 10.10.98 Augenpraxis Hunter, Chur G 25.03. &#8211; 28.03.98 Kulturbaum Auktion KUSPO G 16.10. &#8211; 25.10.98 Trotte M\u00fcnchenstein G 08.12. &#8211; 09.12.99 Portes ouvertes, GSMBA Birsfelden<\/p>\n\n\n\n<p>Ausstellungen ab 2000                                                        G 22.11. &#8211; 10.02.01 Haus der Wirtschaft, Liestal                G 17.08. &#8211; 26.08.01 Orangerie Gr\u00fcn 80, M\u00fcnchenstein        G 27.10. &#8211; 04.11.01 Praxis B. Breitgras, Rheinbach D               E 02.05. &#8211; 23.05.04 La Cave, Esp. d&#8217;Art, Soyhi\u00e8res                    E 02.09. &#8211; 25.09.05 Heimatmuseum, Reinach                        E 10.12. &#8211; 25.02.06 Krebs Bildhauerei+Galerie, M&#8217;stein      G 25.08. &#8211; 03.09.06 Galerie 47, 10 j\u00e4hr.Jubil\u00e4um, Rein.        G 06.10. &#8211; 22.10.06 Galerie Erlengut, Steffisburg                     G 10.11. &#8211; 12. 11.06 Kunst in Reinach, Gemeindeverw.          G 17.05. &#8211; 20.05.07 Schloss Photo M\u00fcnsigen, M\u00fcnsingen G 2008 &#8211; 2010 AV Show Pr\u00e4sentationen Steelsymphony in CH\/F\/D\/UK                                                                          G 04.03. &#8211; 08.03.09 Multiphot Festival, Chelles F                 G 09.05. &#8211; 11.05.08 Weltrekord Gl\u00fcck im Doppelp. St.G.     E ab 2009 &#8211; 2015 Boutique La Forma, Riehne                      E 04.05. &#8211; 10.05.09 Atelierausstellung artriedwyl, M&#8217;stein           E 08.06. &#8211; 07.08.09 Augenzentrum Bahnhof, Basel                     G 28.11. &#8211; 03.01.10 Regionale 10, Kaserne, Basel                E 20.02. &#8211; 10.04.10 FORART, Design+ Kunst, Basel          G 08.05. &#8211; 14.05.10 ewz.selection swiss photo award, ZH  E 20.01.11 Besuchstag Atelier artriedwyl, Mstein                     G 20.05. &#8211; 29.05.11 ewz.selection swiss photo award, ZH  E 19.11. &#8211; 31.07.11 Restaurant Anaxo, Pratteln                          G 10.06. &#8211; 26.06.11 Orangerier Gr\u00fcn 80, M\u00fcnchenstein           E 14.10. &#8211; 06.11.11 Kulturforum alts Schlachthuus, Laufen G 29.10.- 30.11.11 GaleriennaEcht Reinach, Galerie XT        G 09.11. &#8211; 11.11.12 Kunst in Reinach, Gemeindeverw.           G 07.12. &#8211; 08.12.13 Atelier Fuchs, L\u00f6rrach D                              G 13.12. &#8211; 14.12.13 Kurzfilmtage Arlesheim                              G 02.05. &#8211; 04.05.14 Atelier-Galerie artriedwyl, M&#8217;stein               G 20.09.14 3. Nacht der offenen Ateliers, L\u00f6 D                      G 20.03. &#8211; 30.03.14 Photobastei, Z\u00fcrich                                E ab 16.11.15 &#8211; 23 Augenpraxis Hunter, Rheinfelden          E 16.09. &#8211; 02.10.16 Atelier-Galerie artriedwyl, M&#8217;stein E ab 03.10.16 Ergotherapie-Praxis Bretscher, Basel                      E 21.10. &#8211; 30.11.16 Vis-\u00e0-Wyy, Arlesheim                           G 26.10. &#8211; 16.11.18 D. Franck Zu Gast bei artriedwyl          G 24.05. &#8211; 26.05.19 AGLAT19, Laufen                                 G 25.10. &#8211; 17.11.19 I. Sp\u00f6rri Zu Gast bei artriedwyl         G15.11. &#8211; 01.12.19 50 Jahre Kulturforum Laufen <\/p>\n\n\n\n<p><\/p>\n<\/div>\n\n\n\n<p><\/p>\n\n\n\n<p><\/p>\n\n\n\n<p><\/p>\n\n\n\n<p><\/p>\n\n\n\n<p><\/p>\n\n\n\n<p class=\"has-small-font-size\"><\/p>\n<\/div>\n\n\n\n<div class=\"wp-block-column is-layout-flow wp-block-column-is-layout-flow\">\n<h2 class=\"wp-block-heading\" style=\"padding-top:var(--wp--preset--spacing--20);padding-right:var(--wp--preset--spacing--50);padding-bottom:var(--wp--preset--spacing--20);padding-left:var(--wp--preset--spacing--50);font-size:28px\">Bilder + TV Berichte vergangener Ausstellungen<\/h2>\n\n\n\n<figure class=\"wp-block-image size-full has-custom-border hover-zoom\"><img loading=\"lazy\" decoding=\"async\" width=\"567\" height=\"425\" src=\"https:\/\/artriedwyl.ch\/wp-content\/uploads\/2025\/04\/Ausstellung-AUGEN-AUF-DIE-NATUR.jpg\" alt=\"\" class=\"wp-image-1030\" style=\"border-radius:4px\" srcset=\"https:\/\/artriedwyl.ch\/wp-content\/uploads\/2025\/04\/Ausstellung-AUGEN-AUF-DIE-NATUR.jpg 567w, https:\/\/artriedwyl.ch\/wp-content\/uploads\/2025\/04\/Ausstellung-AUGEN-AUF-DIE-NATUR-300x225.jpg 300w\" sizes=\"auto, (max-width: 567px) 100vw, 567px\" \/><\/figure>\n\n\n\n<p>Kunst-Ausstellung <strong>AUGEN AUF F\u00dcR DIE NATUR <\/strong>        vom 28. M\u00e4rz &#8211; 13. April 2025                                            Im Leimgruberhaus, Reinach<\/p>\n\n\n\n<div class=\"wp-block-buttons is-content-justification-center is-layout-flex wp-container-core-buttons-is-layout-a89b3969 wp-block-buttons-is-layout-flex\">\n<div class=\"wp-block-button button-hover-zoom is-style-outline is-style-outline--2\"><a class=\"wp-block-button__link has-white-color has-text-color has-background has-link-color has-text-align-center wp-element-button\" href=\"https:\/\/artriedwyl.ch\/?page_id=936\" style=\"border-radius:4px;background:linear-gradient(219deg,rgb(169,169,169) 1%,rgb(45,45,45) 100%)\">Zum Artikel<\/a><\/div>\n<\/div>\n<\/div>\n<\/div>\n<\/div><\/div>\n<\/div>\n<\/div>\n\n\n\n<p><\/p>\n","protected":false},"excerpt":{"rendered":"<p>&lt;<\/p>\n","protected":false},"author":2,"featured_media":0,"parent":0,"menu_order":0,"comment_status":"closed","ping_status":"closed","template":"","meta":{"site-sidebar-layout":"default","site-content-layout":"","ast-site-content-layout":"","site-content-style":"default","site-sidebar-style":"default","ast-global-header-display":"","ast-banner-title-visibility":"","ast-main-header-display":"","ast-hfb-above-header-display":"","ast-hfb-below-header-display":"","ast-hfb-mobile-header-display":"","site-post-title":"disabled","ast-breadcrumbs-content":"","ast-featured-img":"","footer-sml-layout":"","theme-transparent-header-meta":"","adv-header-id-meta":"","stick-header-meta":"","header-above-stick-meta":"","header-main-stick-meta":"","header-below-stick-meta":"","astra-migrate-meta-layouts":"default","ast-page-background-enabled":"default","ast-page-background-meta":{"desktop":{"background-color":"var(--ast-global-color-5)","background-image":"","background-repeat":"repeat","background-position":"center center","background-size":"auto","background-attachment":"scroll","background-type":"","background-media":"","overlay-type":"","overlay-color":"","overlay-opacity":"","overlay-gradient":""},"tablet":{"background-color":"","background-image":"","background-repeat":"repeat","background-position":"center center","background-size":"auto","background-attachment":"scroll","background-type":"","background-media":"","overlay-type":"","overlay-color":"","overlay-opacity":"","overlay-gradient":""},"mobile":{"background-color":"","background-image":"","background-repeat":"repeat","background-position":"center center","background-size":"auto","background-attachment":"scroll","background-type":"","background-media":"","overlay-type":"","overlay-color":"","overlay-opacity":"","overlay-gradient":""}},"ast-content-background-meta":{"desktop":{"background-color":"var(--ast-global-color-4)","background-image":"","background-repeat":"repeat","background-position":"center center","background-size":"auto","background-attachment":"scroll","background-type":"","background-media":"","overlay-type":"","overlay-color":"","overlay-opacity":"","overlay-gradient":""},"tablet":{"background-color":"var(--ast-global-color-4)","background-image":"","background-repeat":"repeat","background-position":"center center","background-size":"auto","background-attachment":"scroll","background-type":"","background-media":"","overlay-type":"","overlay-color":"","overlay-opacity":"","overlay-gradient":""},"mobile":{"background-color":"var(--ast-global-color-4)","background-image":"","background-repeat":"repeat","background-position":"center center","background-size":"auto","background-attachment":"scroll","background-type":"","background-media":"","overlay-type":"","overlay-color":"","overlay-opacity":"","overlay-gradient":""}},"footnotes":""},"class_list":["post-934","page","type-page","status-publish","hentry"],"_links":{"self":[{"href":"https:\/\/artriedwyl.ch\/index.php?rest_route=\/wp\/v2\/pages\/934","targetHints":{"allow":["GET"]}}],"collection":[{"href":"https:\/\/artriedwyl.ch\/index.php?rest_route=\/wp\/v2\/pages"}],"about":[{"href":"https:\/\/artriedwyl.ch\/index.php?rest_route=\/wp\/v2\/types\/page"}],"author":[{"embeddable":true,"href":"https:\/\/artriedwyl.ch\/index.php?rest_route=\/wp\/v2\/users\/2"}],"replies":[{"embeddable":true,"href":"https:\/\/artriedwyl.ch\/index.php?rest_route=%2Fwp%2Fv2%2Fcomments&post=934"}],"version-history":[{"count":12,"href":"https:\/\/artriedwyl.ch\/index.php?rest_route=\/wp\/v2\/pages\/934\/revisions"}],"predecessor-version":[{"id":1070,"href":"https:\/\/artriedwyl.ch\/index.php?rest_route=\/wp\/v2\/pages\/934\/revisions\/1070"}],"wp:attachment":[{"href":"https:\/\/artriedwyl.ch\/index.php?rest_route=%2Fwp%2Fv2%2Fmedia&parent=934"}],"curies":[{"name":"wp","href":"https:\/\/api.w.org\/{rel}","templated":true}]}}