{"id":802,"date":"2025-03-04T09:56:46","date_gmt":"2025-03-04T09:56:46","guid":{"rendered":"https:\/\/artriedwyl.ch\/?page_id=802"},"modified":"2025-03-04T11:03:12","modified_gmt":"2025-03-04T11:03:12","slug":"kultur-forum-laufen","status":"publish","type":"page","link":"https:\/\/artriedwyl.ch\/?page_id=802","title":{"rendered":"Kultur-Forum-Laufen"},"content":{"rendered":"\n<a href=\"javascript:history.back()\" class=\"floating-back-button hover-zoom\">\n    <span class=\"arrow-icon\">&lt;<\/span>\n<\/a>\n\n\n\n<div style=\"height:34px\" aria-hidden=\"true\" class=\"wp-block-spacer\"><\/div>\n\n\n\n<h2 class=\"wp-block-heading\"><strong>Kultur-Forum-Laufen<\/strong><\/h2>\n\n\n\n<p>Laufen Kultur-Forum-Laufen Galerie alts Schlachthuus<br>Ausstellung 1991-2011 20 Jahre fotografische Klangbilder<strong> steelsymphony<\/strong><\/p>\n\n\n\n<p>14. Oktober &#8211; 6. November 2011<\/p>\n\n\n\n<p style=\"font-size:29px\"><strong>Ein Flair f\u00fcr Altmetall<\/strong><\/p>\n\n\n\n<figure class=\"wp-block-image size-full\"><img loading=\"lazy\" decoding=\"async\" width=\"519\" height=\"347\" src=\"https:\/\/artriedwyl.ch\/wp-content\/uploads\/2025\/03\/image.png\" alt=\"\" class=\"wp-image-803\" srcset=\"https:\/\/artriedwyl.ch\/wp-content\/uploads\/2025\/03\/image.png 519w, https:\/\/artriedwyl.ch\/wp-content\/uploads\/2025\/03\/image-300x201.png 300w\" sizes=\"auto, (max-width: 519px) 100vw, 519px\" \/><\/figure>\n\n\n\n<p>Phantastische Bilder: Fotograf Peter Riedwyl vor seinem Werk \u00abLa vie en rose\u00bb. Foto: J\u00fcrg Jeanloz<\/p>\n\n\n\n<p><strong>Ein geschultes Auge und k\u00fcnstlerisches Gesp\u00fcr gen\u00fcgen dem Fotografen<br>Peter Riedwyl, um aus Metallabf\u00e4llen fantastische Bilder auferstehen zu lassen.<\/strong><\/p>\n\n\n\n<p style=\"font-size:20px\"><em>J\u00dcRG JEANLOZ<\/em><\/p>\n\n\n\n<p>Kaum zu glauben, dass die goldfarbigen Figuren auf dem Foto \u00abGoldfinger\u00bb in Wirklichkeit<br>Ausschnitte aus zusammengepressten Metallf\u00e4ssern sind. Dank der speziellen<br>Sonneneinstrahlung und anschliessender digitalen Bildverarbeitung entstand ein Kunstwerk,<br>das sich mit jedem modern gemalten Bild messen kann. Nicht genug: Der Fotograf Peter<br>Riedwyl glaubt, das Metall schwingen zu h\u00f6ren, und benennt das Bild nach der Titelmelodie<br>des gleichnamigen James-Bond- Films. Gleich nebenan l\u00e4sst Riedwyl den \u00abKriminaltango\u00bb<br>ert\u00f6nen, indem er Metallteile mit Regentropfen fotografiert und alles sehr dunkel und<br>mystisch h\u00e4lt.<br>Der 65-j\u00e4hrige Fotopoet nennt sein Werk auch ein fotografisches Musical. Seine Bilder sind<br>rhythmische Kompositionen mit viel Swing und Blues. Seine Bilder hat er sogar in einer<br>audiovisuellen Show mit Musik und viel Bewegung zusammengestellt.<br>Was hat Peter Riedwyl eigentlich bewogen, sich auf eine solche Kunstform einzulassen?<br>Sein Grossvater im bernischen Rubigen war Kunstmaler und in dessen Atelier roch es so<br>fein nach Farben und Villiger-Stumpen. Dort machte er seine ersten k\u00fcnstlerischen<br>Gehversuche. \u00abIch entdeckte vor Jahrzehnten eine Abfalltonne mit Stanzabf\u00e4llen, die mich<br>komplett in den Bann zog\u00bb, erz\u00e4hlt Riedwyl. Je nach Art und Lage der Abf\u00e4lle, der Licht- und<br>Wetterverh\u00e4ltnisse habe er seine Motive ausgesucht und sie fotografisch aufbereitet. Seine<br>spontane Aussage und die innere Stimmung seien ihm wichtiger gewesen als die getreue<br>Wiedergabe irgendwelcher Objekte. Sein k\u00fcnstlerisches Flair und sein Auge f\u00fcr Farben und<br>Formen hat Riedwyl auch in seinem Beruf ausgelebt: Er war 30 Jahre lang Eink\u00e4ufer f\u00fcr<br>Damenmode in einem Grossunternehmen.<br>Der ehemalige Textilingenieur hat sich auch in der Bildhauerei ausgebildet. Mit Holz und<br>Stein schuf er Skulpturen, deren Ausgangsmaterial aber m\u00f6glichst sichtbar bleiben musste.<br>In der Ausstellung im alten Schlachthaus zeigt er Lichtobjekte, deren Lichtquelle diskret<br>hinter einer Metallfolie hervorsticht. Letztlich hat er im Altmetallcontainer einige gestanzte<br>Formen gefunden, die er zu tanzenden Figuren wundersch\u00f6n zusammengestellt und sie als<br>\u00abpasa doble\u00bb betitelt hat.<\/p>\n\n\n\n<div style=\"height:47px\" aria-hidden=\"true\" class=\"wp-block-spacer\"><\/div>\n","protected":false},"excerpt":{"rendered":"<p>&lt; Kultur-Forum-Laufen Laufen Kultur-Forum-Laufen Galerie alts SchlachthuusAusstellung 1991-2011 20 Jahre fotografische Klangbilder steelsymphony 14. Oktober &#8211; 6. November 2011 Ein [&hellip;]<\/p>\n","protected":false},"author":2,"featured_media":0,"parent":0,"menu_order":0,"comment_status":"closed","ping_status":"closed","template":"","meta":{"site-sidebar-layout":"default","site-content-layout":"","ast-site-content-layout":"","site-content-style":"default","site-sidebar-style":"default","ast-global-header-display":"","ast-banner-title-visibility":"","ast-main-header-display":"","ast-hfb-above-header-display":"","ast-hfb-below-header-display":"","ast-hfb-mobile-header-display":"","site-post-title":"disabled","ast-breadcrumbs-content":"","ast-featured-img":"","footer-sml-layout":"","theme-transparent-header-meta":"","adv-header-id-meta":"","stick-header-meta":"","header-above-stick-meta":"","header-main-stick-meta":"","header-below-stick-meta":"","astra-migrate-meta-layouts":"default","ast-page-background-enabled":"default","ast-page-background-meta":{"desktop":{"background-color":"var(--ast-global-color-5)","background-image":"","background-repeat":"repeat","background-position":"center center","background-size":"auto","background-attachment":"scroll","background-type":"","background-media":"","overlay-type":"","overlay-color":"","overlay-opacity":"","overlay-gradient":""},"tablet":{"background-color":"","background-image":"","background-repeat":"repeat","background-position":"center center","background-size":"auto","background-attachment":"scroll","background-type":"","background-media":"","overlay-type":"","overlay-color":"","overlay-opacity":"","overlay-gradient":""},"mobile":{"background-color":"","background-image":"","background-repeat":"repeat","background-position":"center center","background-size":"auto","background-attachment":"scroll","background-type":"","background-media":"","overlay-type":"","overlay-color":"","overlay-opacity":"","overlay-gradient":""}},"ast-content-background-meta":{"desktop":{"background-color":"var(--ast-global-color-4)","background-image":"","background-repeat":"repeat","background-position":"center center","background-size":"auto","background-attachment":"scroll","background-type":"","background-media":"","overlay-type":"","overlay-color":"","overlay-opacity":"","overlay-gradient":""},"tablet":{"background-color":"var(--ast-global-color-4)","background-image":"","background-repeat":"repeat","background-position":"center center","background-size":"auto","background-attachment":"scroll","background-type":"","background-media":"","overlay-type":"","overlay-color":"","overlay-opacity":"","overlay-gradient":""},"mobile":{"background-color":"var(--ast-global-color-4)","background-image":"","background-repeat":"repeat","background-position":"center center","background-size":"auto","background-attachment":"scroll","background-type":"","background-media":"","overlay-type":"","overlay-color":"","overlay-opacity":"","overlay-gradient":""}},"footnotes":""},"class_list":["post-802","page","type-page","status-publish","hentry"],"_links":{"self":[{"href":"https:\/\/artriedwyl.ch\/index.php?rest_route=\/wp\/v2\/pages\/802","targetHints":{"allow":["GET"]}}],"collection":[{"href":"https:\/\/artriedwyl.ch\/index.php?rest_route=\/wp\/v2\/pages"}],"about":[{"href":"https:\/\/artriedwyl.ch\/index.php?rest_route=\/wp\/v2\/types\/page"}],"author":[{"embeddable":true,"href":"https:\/\/artriedwyl.ch\/index.php?rest_route=\/wp\/v2\/users\/2"}],"replies":[{"embeddable":true,"href":"https:\/\/artriedwyl.ch\/index.php?rest_route=%2Fwp%2Fv2%2Fcomments&post=802"}],"version-history":[{"count":6,"href":"https:\/\/artriedwyl.ch\/index.php?rest_route=\/wp\/v2\/pages\/802\/revisions"}],"predecessor-version":[{"id":841,"href":"https:\/\/artriedwyl.ch\/index.php?rest_route=\/wp\/v2\/pages\/802\/revisions\/841"}],"wp:attachment":[{"href":"https:\/\/artriedwyl.ch\/index.php?rest_route=%2Fwp%2Fv2%2Fmedia&parent=802"}],"curies":[{"name":"wp","href":"https:\/\/api.w.org\/{rel}","templated":true}]}}