{"id":796,"date":"2025-03-04T09:52:01","date_gmt":"2025-03-04T09:52:01","guid":{"rendered":"https:\/\/artriedwyl.ch\/?page_id=796"},"modified":"2025-03-04T10:33:47","modified_gmt":"2025-03-04T10:33:47","slug":"badische-zeitung","status":"publish","type":"page","link":"https:\/\/artriedwyl.ch\/?page_id=796","title":{"rendered":"Badische Zeitung"},"content":{"rendered":"\n\n<a href=\"javascript:history.back()\" class=\"floating-back-button hover-zoom\">\n    <span class=\"arrow-icon\">&lt;<\/span>\n<\/a>\n\n\n\n\n<p class=\"has-text-align-right\"> 4. Dezember 2013<\/p>\n\n\n\n<p style=\"font-size:21px\">AUSSTELLUNG<br><strong>&#8222;ZWEI<\/strong><\/p>\n\n\n\n<h2 class=\"wp-block-heading has-ast-global-color-0-color has-text-color has-link-color has-medium-font-size wp-elements-5c19cc9eb0a8a654eef7a1cc3bfc5faa\"><strong>Badische Zeitung<\/strong><\/h2>\n\n\n\n<figure class=\"wp-block-image size-full is-resized\"><img loading=\"lazy\" decoding=\"async\" width=\"726\" height=\"437\" src=\"https:\/\/artriedwyl.ch\/wp-content\/uploads\/2025\/03\/Bild_2025-03-04_104932389.png\" alt=\"\" class=\"wp-image-798\" style=\"width:747px;height:auto\" srcset=\"https:\/\/artriedwyl.ch\/wp-content\/uploads\/2025\/03\/Bild_2025-03-04_104932389.png 726w, https:\/\/artriedwyl.ch\/wp-content\/uploads\/2025\/03\/Bild_2025-03-04_104932389-300x181.png 300w\" sizes=\"auto, (max-width: 726px) 100vw, 726px\" \/><\/figure>\n\n\n\n<p><br>Foto: Peter Riedwyl<\/p>\n\n\n\n<p>&#8222;ZWEI K\u00fcnstler, zwei Medien, zwei Tage&#8220; ist die Ausstellung des Malers Wladimir Fuchs<br>und des Fotografen Peter Riedwyl aus M\u00fcnchenstein \u00fcberschrieben, die am Samstag,<br>7., und Sonntag, 8. Dezember, jeweils von 14 bis 20 Uhr, im Atelier von Wladimir<br>Fuchs in der Feldbergstra\u00dfe 35 in L\u00f6rrach stattfindet. Riedwyl zeigt Beispiele aus<br>seiner Werkserie &#8222;Steelsymphony&#8220; &#8211; das Tagebuch einer Abfalltonne, die er zwanzig<br>Jahre lang beobachtete. Die ungegenst\u00e4ndlichen Gem\u00e4lde von Fuchs sind das<br>malerische \u00c4quivalent zu den Fotografien. (FOTO: PETER RIEDWYL)<\/p>\n\n\n\n<p class=\"has-text-align-right\">Autor: bz<\/p>\n","protected":false},"excerpt":{"rendered":"<p>&lt; 4. Dezember 2013 AUSSTELLUNG&#8222;ZWEI Badische Zeitung Foto: Peter Riedwyl &#8222;ZWEI K\u00fcnstler, zwei Medien, zwei Tage&#8220; ist die Ausstellung des [&hellip;]<\/p>\n","protected":false},"author":2,"featured_media":0,"parent":0,"menu_order":0,"comment_status":"closed","ping_status":"closed","template":"","meta":{"site-sidebar-layout":"default","site-content-layout":"","ast-site-content-layout":"","site-content-style":"default","site-sidebar-style":"default","ast-global-header-display":"","ast-banner-title-visibility":"","ast-main-header-display":"","ast-hfb-above-header-display":"","ast-hfb-below-header-display":"","ast-hfb-mobile-header-display":"","site-post-title":"disabled","ast-breadcrumbs-content":"","ast-featured-img":"","footer-sml-layout":"","theme-transparent-header-meta":"","adv-header-id-meta":"","stick-header-meta":"","header-above-stick-meta":"","header-main-stick-meta":"","header-below-stick-meta":"","astra-migrate-meta-layouts":"default","ast-page-background-enabled":"default","ast-page-background-meta":{"desktop":{"background-color":"var(--ast-global-color-5)","background-image":"","background-repeat":"repeat","background-position":"center center","background-size":"auto","background-attachment":"scroll","background-type":"","background-media":"","overlay-type":"","overlay-color":"","overlay-opacity":"","overlay-gradient":""},"tablet":{"background-color":"","background-image":"","background-repeat":"repeat","background-position":"center center","background-size":"auto","background-attachment":"scroll","background-type":"","background-media":"","overlay-type":"","overlay-color":"","overlay-opacity":"","overlay-gradient":""},"mobile":{"background-color":"","background-image":"","background-repeat":"repeat","background-position":"center center","background-size":"auto","background-attachment":"scroll","background-type":"","background-media":"","overlay-type":"","overlay-color":"","overlay-opacity":"","overlay-gradient":""}},"ast-content-background-meta":{"desktop":{"background-color":"var(--ast-global-color-4)","background-image":"","background-repeat":"repeat","background-position":"center center","background-size":"auto","background-attachment":"scroll","background-type":"","background-media":"","overlay-type":"","overlay-color":"","overlay-opacity":"","overlay-gradient":""},"tablet":{"background-color":"var(--ast-global-color-4)","background-image":"","background-repeat":"repeat","background-position":"center center","background-size":"auto","background-attachment":"scroll","background-type":"","background-media":"","overlay-type":"","overlay-color":"","overlay-opacity":"","overlay-gradient":""},"mobile":{"background-color":"var(--ast-global-color-4)","background-image":"","background-repeat":"repeat","background-position":"center center","background-size":"auto","background-attachment":"scroll","background-type":"","background-media":"","overlay-type":"","overlay-color":"","overlay-opacity":"","overlay-gradient":""}},"footnotes":""},"class_list":["post-796","page","type-page","status-publish","hentry"],"_links":{"self":[{"href":"https:\/\/artriedwyl.ch\/index.php?rest_route=\/wp\/v2\/pages\/796","targetHints":{"allow":["GET"]}}],"collection":[{"href":"https:\/\/artriedwyl.ch\/index.php?rest_route=\/wp\/v2\/pages"}],"about":[{"href":"https:\/\/artriedwyl.ch\/index.php?rest_route=\/wp\/v2\/types\/page"}],"author":[{"embeddable":true,"href":"https:\/\/artriedwyl.ch\/index.php?rest_route=\/wp\/v2\/users\/2"}],"replies":[{"embeddable":true,"href":"https:\/\/artriedwyl.ch\/index.php?rest_route=%2Fwp%2Fv2%2Fcomments&post=796"}],"version-history":[{"count":2,"href":"https:\/\/artriedwyl.ch\/index.php?rest_route=\/wp\/v2\/pages\/796\/revisions"}],"predecessor-version":[{"id":825,"href":"https:\/\/artriedwyl.ch\/index.php?rest_route=\/wp\/v2\/pages\/796\/revisions\/825"}],"wp:attachment":[{"href":"https:\/\/artriedwyl.ch\/index.php?rest_route=%2Fwp%2Fv2%2Fmedia&parent=796"}],"curies":[{"name":"wp","href":"https:\/\/api.w.org\/{rel}","templated":true}]}}