{"id":613,"date":"2025-03-01T09:37:21","date_gmt":"2025-03-01T09:37:21","guid":{"rendered":"https:\/\/artriedwyl.ch\/?page_id=613"},"modified":"2025-06-30T15:33:44","modified_gmt":"2025-06-30T15:33:44","slug":"sculpture-art","status":"publish","type":"page","link":"https:\/\/artriedwyl.ch\/?page_id=613","title":{"rendered":"SCULPTURE &#8211; ART"},"content":{"rendered":"\n<a href=\"javascript:history.back()\" class=\"floating-back-button hover-zoom\">\r\n    <span class=\"arrow-icon\">&lt;<\/span>\r\n<\/a>\n\n\n\n<div class=\"wp-block-columns is-layout-flex wp-container-core-columns-is-layout-28f84493 wp-block-columns-is-layout-flex\">\n<div class=\"wp-block-column is-layout-flow wp-block-column-is-layout-flow\" style=\"flex-basis:100%\">\n<div class=\"wp-block-cover alignfull is-light hestia-clear-top-padding\" style=\"min-height:784px;aspect-ratio:unset;\"><span aria-hidden=\"true\" class=\"wp-block-cover__background has-white-background-color has-background-dim-0 has-background-dim\"><\/span><div class=\"wp-block-cover__inner-container is-layout-flow wp-block-cover-is-layout-flow\">\n<h2 class=\"wp-block-heading has-text-align-center html has-black-color has-text-color\">SCULTPURE &#8211; ART<\/h2>\n\n\n\n<div style=\"height:25px\" aria-hidden=\"true\" class=\"wp-block-spacer\"><\/div>\n\n\n\n<hr class=\"wp-block-separator has-text-color has-black-color has-alpha-channel-opacity has-black-background-color has-background is-style-wide\" style=\"margin-top:var(--wp--preset--spacing--30);margin-bottom:var(--wp--preset--spacing--30)\" id=\"foto\"\/>\n\n\n\n<div style=\"height:25px\" aria-hidden=\"true\" class=\"wp-block-spacer\"><\/div>\n\n\n\n<div class=\"wp-block-columns is-layout-flex wp-container-core-columns-is-layout-28f84493 wp-block-columns-is-layout-flex\">\n<div class=\"wp-block-column is-layout-flow wp-block-column-is-layout-flow\">\n<h2 class=\"wp-block-heading\" style=\"border-style:none;border-width:0px;border-radius:0px;padding-top:var(--wp--preset--spacing--20);padding-right:var(--wp--preset--spacing--50);padding-bottom:var(--wp--preset--spacing--20);padding-left:var(--wp--preset--spacing--50);font-size:28px\"><mark style=\"background-color:rgba(0, 0, 0, 0)\" class=\"has-inline-color has-black-color\">Sculpturen in Holz<\/mark><\/h2>\n\n\n\n\n\n<details class=\"wp-block-details has-black-color has-text-color has-link-color wp-elements-ae34091ef1c982ca5c0542650561c7d5\"><summary><strong>Ein St\u00fcck Holz lebt Mehrmals<\/strong><br><br>Ein Ast oder Holzst\u00fcck am Wegrand, ein gef\u00e4llter Baum aus Garten oder Wald, alle erz\u00e4hlen durch ihre Struktur, ihre durch Umwelteinfl\u00e4sse ver\u00e4nderte Zeichnung, ihre Form und Farbe vom Leben. Mit meinen Skulpturen m\u00f6chte ich der Faserung, der Struktur des Holzes folgend, dem St\u00fcck neues Leben einhauchen. <br><br><br><mark style=\"background-color:rgba(0, 0, 0, 0);color:#040043\" class=\"has-inline-color is-layout-flow wp-block-details-is-layout-flow\">[<strong>Weiterlesen]<\/strong><\/mark><br><\/summary>\n<p>L\u00e4ngerer Text zum Thema&#8230;<\/p>\n<\/details>\n\n\n\n<div class=\"wp-block-buttons is-content-justification-center is-layout-flex wp-container-core-buttons-is-layout-a89b3969 wp-block-buttons-is-layout-flex\">\n<div class=\"wp-block-button button-hover-zoom is-style-outline is-style-outline--1\"><a class=\"wp-block-button__link has-white-color has-text-color has-background has-link-color has-text-align-center wp-element-button\" style=\"border-radius:4px;background:linear-gradient(219deg,rgb(169,169,169) 1%,rgb(45,45,45) 100%)\">Zur Galerie<\/a><\/div>\n<\/div>\n<\/div>\n\n\n\n<div class=\"wp-block-column is-layout-flow wp-block-column-is-layout-flow\">\n<h2 class=\"wp-block-heading\" style=\"border-style:none;border-width:0px;border-radius:0px;padding-top:var(--wp--preset--spacing--20);padding-right:var(--wp--preset--spacing--50);padding-bottom:var(--wp--preset--spacing--20);padding-left:var(--wp--preset--spacing--50);font-size:28px\"><mark style=\"background-color:rgba(0, 0, 0, 0)\" class=\"has-inline-color has-black-color\">Sculpturen in Stein<\/mark><\/h2>\n\n\n\n\n\n<details class=\"wp-block-details has-black-color has-text-color has-link-color wp-elements-ef577832a83b454a89eed97816b081b0\"><summary><strong>Auch Stein lebt und erz\u00e4hlt Geschichten<\/strong><br>\u00a0<br>Provenienz, alter der Gesteinsschicht und Verwitterung lassen bereits Formen erahnen (wie meine Stein-Herzen belegen) Doch auch beim Stein, versuche ich durch unterschiedliche Bearbeitung, die verschiedenen Farben des Materials hervorzubringen.<br> <br><br><mark style=\"background-color:rgba(0, 0, 0, 0);color:#040043\" class=\"has-inline-color is-layout-flow wp-block-details-is-layout-flow\">[<strong>Weiterlesen]<\/strong><\/mark><br><\/summary>\n<p>L\u00e4ngerer Text zum Thema&#8230;<\/p>\n<\/details>\n\n\n\n<div class=\"wp-block-buttons is-content-justification-center is-layout-flex wp-container-core-buttons-is-layout-a89b3969 wp-block-buttons-is-layout-flex\">\n<div class=\"wp-block-button button-hover-zoom is-style-outline is-style-outline--2\"><a class=\"wp-block-button__link has-white-color has-text-color has-background has-link-color has-text-align-center wp-element-button\" style=\"border-radius:4px;background:linear-gradient(219deg,rgb(169,169,169) 1%,rgb(45,45,45) 100%)\">Zur Galerie<\/a><\/div>\n<\/div>\n<\/div>\n\n\n\n<div class=\"wp-block-column is-layout-flow wp-block-column-is-layout-flow\">\n<h2 class=\"wp-block-heading\" style=\"border-style:none;border-width:0px;border-radius:0px;padding-top:var(--wp--preset--spacing--20);padding-right:var(--wp--preset--spacing--50);padding-bottom:var(--wp--preset--spacing--20);padding-left:var(--wp--preset--spacing--50);font-size:28px\">Installationen in Metall<\/h2>\n\n\n\n\n\n<details class=\"wp-block-details has-black-color has-text-color has-link-color wp-elements-6d448ef100dd77026a6c43f285084e51\"><summary><strong>Bleche auser einer Abfalltonne<\/strong><br>\u00a0<br>Bei meinen fotografischen Entdeckungstouren, habe ich auch Metallabf\u00e4lle fotografiert (steelsymphony) welche mich annimierten, auch Skulpturen resp. Installationen daraus zu formen.<br><br><br><mark style=\"background-color:rgba(0, 0, 0, 0);color:#040043\" class=\"has-inline-color is-layout-flow wp-block-details-is-layout-flow\">[<strong>Weiterlesen]<\/strong><\/mark><br><\/summary>\n<p>L\u00e4ngerer Text zum Thema&#8230;<\/p>\n<\/details>\n\n\n\n<div class=\"wp-block-buttons is-content-justification-center is-layout-flex wp-container-core-buttons-is-layout-a89b3969 wp-block-buttons-is-layout-flex\">\n<div class=\"wp-block-button button-hover-zoom is-style-outline is-style-outline--3\"><a class=\"wp-block-button__link has-white-color has-text-color has-background has-link-color has-text-align-center wp-element-button\" style=\"border-radius:4px;background:linear-gradient(219deg,rgb(169,169,169) 1%,rgb(45,45,45) 100%)\">Zur Galerie<\/a><\/div>\n<\/div>\n<\/div>\n<\/div>\n<\/div><\/div>\n<\/div>\n<\/div>\n","protected":false},"excerpt":{"rendered":"<p>&lt;<\/p>\n","protected":false},"author":2,"featured_media":0,"parent":0,"menu_order":0,"comment_status":"closed","ping_status":"closed","template":"","meta":{"site-sidebar-layout":"default","site-content-layout":"","ast-site-content-layout":"","site-content-style":"default","site-sidebar-style":"default","ast-global-header-display":"","ast-banner-title-visibility":"","ast-main-header-display":"","ast-hfb-above-header-display":"","ast-hfb-below-header-display":"","ast-hfb-mobile-header-display":"","site-post-title":"disabled","ast-breadcrumbs-content":"","ast-featured-img":"","footer-sml-layout":"","theme-transparent-header-meta":"","adv-header-id-meta":"","stick-header-meta":"","header-above-stick-meta":"","header-main-stick-meta":"","header-below-stick-meta":"","astra-migrate-meta-layouts":"default","ast-page-background-enabled":"default","ast-page-background-meta":{"desktop":{"background-color":"var(--ast-global-color-5)","background-image":"","background-repeat":"repeat","background-position":"center center","background-size":"auto","background-attachment":"scroll","background-type":"","background-media":"","overlay-type":"","overlay-color":"","overlay-opacity":"","overlay-gradient":""},"tablet":{"background-color":"","background-image":"","background-repeat":"repeat","background-position":"center center","background-size":"auto","background-attachment":"scroll","background-type":"","background-media":"","overlay-type":"","overlay-color":"","overlay-opacity":"","overlay-gradient":""},"mobile":{"background-color":"","background-image":"","background-repeat":"repeat","background-position":"center center","background-size":"auto","background-attachment":"scroll","background-type":"","background-media":"","overlay-type":"","overlay-color":"","overlay-opacity":"","overlay-gradient":""}},"ast-content-background-meta":{"desktop":{"background-color":"var(--ast-global-color-4)","background-image":"","background-repeat":"repeat","background-position":"center center","background-size":"auto","background-attachment":"scroll","background-type":"","background-media":"","overlay-type":"","overlay-color":"","overlay-opacity":"","overlay-gradient":""},"tablet":{"background-color":"var(--ast-global-color-4)","background-image":"","background-repeat":"repeat","background-position":"center center","background-size":"auto","background-attachment":"scroll","background-type":"","background-media":"","overlay-type":"","overlay-color":"","overlay-opacity":"","overlay-gradient":""},"mobile":{"background-color":"var(--ast-global-color-4)","background-image":"","background-repeat":"repeat","background-position":"center center","background-size":"auto","background-attachment":"scroll","background-type":"","background-media":"","overlay-type":"","overlay-color":"","overlay-opacity":"","overlay-gradient":""}},"footnotes":""},"class_list":["post-613","page","type-page","status-publish","hentry"],"_links":{"self":[{"href":"https:\/\/artriedwyl.ch\/index.php?rest_route=\/wp\/v2\/pages\/613","targetHints":{"allow":["GET"]}}],"collection":[{"href":"https:\/\/artriedwyl.ch\/index.php?rest_route=\/wp\/v2\/pages"}],"about":[{"href":"https:\/\/artriedwyl.ch\/index.php?rest_route=\/wp\/v2\/types\/page"}],"author":[{"embeddable":true,"href":"https:\/\/artriedwyl.ch\/index.php?rest_route=\/wp\/v2\/users\/2"}],"replies":[{"embeddable":true,"href":"https:\/\/artriedwyl.ch\/index.php?rest_route=%2Fwp%2Fv2%2Fcomments&post=613"}],"version-history":[{"count":16,"href":"https:\/\/artriedwyl.ch\/index.php?rest_route=\/wp\/v2\/pages\/613\/revisions"}],"predecessor-version":[{"id":1099,"href":"https:\/\/artriedwyl.ch\/index.php?rest_route=\/wp\/v2\/pages\/613\/revisions\/1099"}],"wp:attachment":[{"href":"https:\/\/artriedwyl.ch\/index.php?rest_route=%2Fwp%2Fv2%2Fmedia&parent=613"}],"curies":[{"name":"wp","href":"https:\/\/api.w.org\/{rel}","templated":true}]}}