{"id":45,"date":"2025-02-24T12:31:03","date_gmt":"2025-02-24T12:31:03","guid":{"rendered":"https:\/\/artriedwyl.ch\/?page_id=45"},"modified":"2025-06-30T14:23:07","modified_gmt":"2025-06-30T14:23:07","slug":"startseite","status":"publish","type":"page","link":"https:\/\/artriedwyl.ch\/","title":{"rendered":"Startseite"},"content":{"rendered":"\n<div style=\"height:44px\" aria-hidden=\"true\" class=\"wp-block-spacer\"><\/div>\n\n\n\n<h2 class=\"wp-block-heading has-text-align-center has-black-color has-text-color has-link-color wp-elements-55b582eb0815828a765e519c27d77df2\" id=\"aktuell\">Aktuell:<\/h2>\n\n\n\n<div class=\"wp-block-columns is-layout-flex wp-container-core-columns-is-layout-28f84493 wp-block-columns-is-layout-flex\">\n<div class=\"wp-block-column is-layout-flow wp-block-column-is-layout-flow\">\n<figure class=\"wp-block-image size-full has-custom-border hover-zoom\"><img loading=\"lazy\" decoding=\"async\" width=\"709\" height=\"1002\" src=\"https:\/\/artriedwyl.ch\/wp-content\/uploads\/2025\/04\/Einst-fing-es-ganz-langsam-an-klein.jpg\" alt=\"\" class=\"wp-image-1024\" style=\"border-radius:5px\" srcset=\"https:\/\/artriedwyl.ch\/wp-content\/uploads\/2025\/04\/Einst-fing-es-ganz-langsam-an-klein.jpg 709w, https:\/\/artriedwyl.ch\/wp-content\/uploads\/2025\/04\/Einst-fing-es-ganz-langsam-an-klein-212x300.jpg 212w\" sizes=\"auto, (max-width: 709px) 100vw, 709px\" \/><\/figure>\n\n\n\n<h3 class=\"wp-block-heading\">Einst fing es ganz langsam an &#8230;&#8230; <\/h3>\n\n\n\n<p>Bild aus der Serie &#8222;<strong>trilogien<\/strong>&#8220; als Zeitzeichen und Warnung zu verstehen.<\/p>\n<\/div>\n\n\n\n<div class=\"wp-block-column is-layout-flow wp-block-column-is-layout-flow\">\n<figure class=\"wp-block-image size-full has-custom-border hover-zoom\"><img loading=\"lazy\" decoding=\"async\" width=\"283\" height=\"283\" src=\"https:\/\/artriedwyl.ch\/wp-content\/uploads\/2025\/04\/Herz.jpg\" alt=\"\" class=\"wp-image-1025\" style=\"border-radius:5px\" srcset=\"https:\/\/artriedwyl.ch\/wp-content\/uploads\/2025\/04\/Herz.jpg 283w, https:\/\/artriedwyl.ch\/wp-content\/uploads\/2025\/04\/Herz-150x150.jpg 150w\" sizes=\"auto, (max-width: 283px) 100vw, 283px\" \/><\/figure>\n\n\n\n<h3 class=\"wp-block-heading\">Herzlich  Willkommen   bei       <strong>artriedwyl<\/strong><\/h3>\n\n\n\n<p>Bitte haben Sie noch etwas Geduld,<\/p>\n\n\n\n<p>Die Website ist im Moment noch im Aufbau, daher fehlen noch Informationen und Fotos. Bitte schauen Sie sp\u00e4ter nochmals vorbei. DANKE<\/p>\n<\/div>\n\n\n\n<div class=\"wp-block-column is-layout-flow wp-block-column-is-layout-flow\">\n<p style=\"font-size:21px\"><strong>Benvenuto Bienvenue, Welcome, Bem-vindo, Bienvenido<\/strong><\/p>\n\n\n\n<p style=\"font-size:21px\">Ich w\u00fcnsche Ihnen viel Spass beim &#8222;durchst\u00f6bern&#8220; meiner Seiten und viel Freude beim Besuch meiner Galerien<br>oder live an einer Ausstellung.<\/p>\n\n\n\n<p style=\"font-size:21px\">Mit meinen Fotografien, Skulpturen und Lichtobjekten m\u00f6chte ich Freude bereiten, aber auch dazu ermutigen, mit offen Augen durch die Welt zu gehen.<\/p>\n<\/div>\n<\/div>\n\n\n\n<p><\/p>\n\n\n\n<hr class=\"wp-block-separator has-text-color has-black-color has-alpha-channel-opacity has-black-background-color has-background is-style-wide\" style=\"margin-top:var(--wp--preset--spacing--30);margin-bottom:var(--wp--preset--spacing--30)\" id=\"foto\"\/>\n\n\n\n<div style=\"height:48px\" aria-hidden=\"true\" class=\"wp-block-spacer\"><\/div>\n\n\n\n<h2 class=\"wp-block-heading has-text-align-center has-ast-global-color-0-color has-text-color has-link-color wp-elements-bec75a5ae70a29d55d10c21c954133cb\">FOTO &#8211; ART<\/h2>\n\n\n\n<div class=\"wp-block-columns is-layout-flex wp-container-core-columns-is-layout-28f84493 wp-block-columns-is-layout-flex\">\n<div class=\"wp-block-column is-layout-flow wp-block-column-is-layout-flow\" style=\"flex-basis:66.66%\">\n<details class=\"wp-block-details\" style=\"font-size:18px\"><summary>Meine fotografischen Themen sind Sachaufnahmen im Nah- und Makrobereich von Natur und Technik. Die meisten meiner Aufnahmen sind Motive sehr einfacher Art. Durch den richtigen Lichteinfall, den gew\u00e4hlten Ausschnitt oder die ungew\u00f6hnliche Perspektive erhalten meine Arbeiten eine grafische Aussage. Oftmals geben die Bilder dem Betrachter R\u00e4tsel auf. Der Betrachter soll dadurch gefesselt werden. Mit der Begeisterung soll in ihm der Wunsch geweckt werden, wieder vermehrt selbst mit offenen Augen durch den Alltag zu gehen. Dabei wird jedermann schnell erfahren, dass so vieles um ihn herum sehr erfreulich ist, was dem Betrachter neue innere Befriedigung geben kann. <mark style=\"background-color:rgba(0, 0, 0, 0);color:#040043\" class=\"has-inline-color is-layout-flow wp-block-details-is-layout-flow\"><strong>[Weiterlesen]<\/strong><\/mark><\/summary>\n<p style=\"font-size:18px\">Nach anf\u00e4nglich statischen Kompositionen sind es heute Lichtmalereien, welche durch die situative Stimmung, unter der Einwirkung der Elemente Luft, Wasser und Licht, die Fotografien f\u00f6rmlich zum tanzen oder schwingen bringen. Das Spiel mit den verp\u00f6nten fotografischen Fehlern von Unsch\u00e4rfe, Verwackelung und Fehlbelichtung bringt gezielt eingesetzt, neue Sichtweisen. Mit einem weiteren Schritt in die digitale<br>Bildverarbeitung, entstehen schlussendlich ganz spezielle Klangbilder.<br>Es ist mir ein Anliegen, mit meinen Fotografien zum Nachdenken und Innehalten zu bewegen. Ich m\u00f6chte ein positives Weltbild vermitteln. Ich w\u00fcrde gerne einen Beitrag leisten f\u00fcr eine motivierte, engagierte, verantwortungsbewusste und lebenswerte Zukunft f\u00fcr jeden einzelnen. Ich glaube, dass die schockierenden Bilder, die wir tagt\u00e4glich zu sehen bekommen, uns abgestumpft haben und ihre Wirkung heute verfehlen.<br>Es hat sich eine gewisse Ohnmacht bei Politik und Wirtschaft eingestellt, aus der wir nur durch Eigenverantwortung und Optimismus zur\u00fcckfinden.<br>Daher sind meine Aufnahmen nicht Sachfotografien mit gr\u00f6sstm\u00f6glicher Detailtreue, noch Reportage Fotos mit pr\u00e4zise eingefangenen Situationen, nicht Dokumentationsfotografien mit dem Anspruch auf ein naturge-treues Abbild und auch nicht Werbeaufnahmen welche eine Traumwelt vorgaukeln. Nein, meine Arbeiten sind viel eher mit der Technik der Fotografie gemalte Lichtbilder.<\/p>\n\n\n\n<p><\/p>\n<\/details>\n<\/div>\n\n\n\n<div class=\"wp-block-column is-layout-flow wp-block-column-is-layout-flow\" style=\"flex-basis:33.33%\">\n<figure class=\"wp-block-image size-full has-custom-border hover-zoom\"><img loading=\"lazy\" decoding=\"async\" width=\"637\" height=\"425\" src=\"https:\/\/artriedwyl.ch\/wp-content\/uploads\/2025\/03\/Augen-auf-.-ein-neues-kreatives-Fotojahr-2025.jpg\" alt=\"\" class=\"wp-image-960\" style=\"border-radius:4px\" srcset=\"https:\/\/artriedwyl.ch\/wp-content\/uploads\/2025\/03\/Augen-auf-.-ein-neues-kreatives-Fotojahr-2025.jpg 637w, https:\/\/artriedwyl.ch\/wp-content\/uploads\/2025\/03\/Augen-auf-.-ein-neues-kreatives-Fotojahr-2025-300x200.jpg 300w\" sizes=\"auto, (max-width: 637px) 100vw, 637px\" \/><\/figure>\n<\/div>\n<\/div>\n\n\n\n<div class=\"wp-block-buttons is-content-justification-center is-layout-flex wp-container-core-buttons-is-layout-a89b3969 wp-block-buttons-is-layout-flex\">\n<div class=\"wp-block-button button-hover-zoom is-style-outline is-style-outline--1\"><a class=\"wp-block-button__link has-white-color has-text-color has-background has-link-color has-text-align-center wp-element-button\" href=\"https:\/\/artriedwyl.ch\/?page_id=575\" style=\"border-radius:4px;background:linear-gradient(219deg,rgb(169,169,169) 1%,rgb(45,45,45) 100%)\">Zu FOTO &#8211; ART Themenauswahl<\/a><\/div>\n<\/div>\n\n\n\n<div style=\"height:30px\" aria-hidden=\"true\" class=\"wp-block-spacer\"><\/div>\n\n\n\n<hr class=\"wp-block-separator has-text-color has-black-color has-alpha-channel-opacity has-black-background-color has-background is-style-wide\" style=\"margin-top:var(--wp--preset--spacing--30);margin-bottom:var(--wp--preset--spacing--30)\" id=\"sculpture\"\/>\n\n\n\n<div style=\"height:67px\" aria-hidden=\"true\" class=\"wp-block-spacer\"><\/div>\n\n\n\n<h2 class=\"wp-block-heading has-text-align-center has-black-color has-text-color has-link-color wp-elements-71a6ed14d6b32276aa75f6cb692c7bb0\">SCULPTURE &#8211; ART<\/h2>\n\n\n\n<div class=\"wp-block-columns is-layout-flex wp-container-core-columns-is-layout-28f84493 wp-block-columns-is-layout-flex\">\n<div class=\"wp-block-column is-layout-flow wp-block-column-is-layout-flow\" style=\"flex-basis:66.66%\">\n<details class=\"wp-block-details\" style=\"font-size:18px\"><summary>Seit 1986 setze ich meine 2-dimensionalen fotografischen Arbeiten<br>durch erneute Abstraktion in die 3. Dimension um. Nach anf\u00e4nglichen<br>Arbeiten in Ton sind seit 1988 die Werkstoffe vielf\u00e4ltig geworden.<br>Eisenbleche, Holz und vor allem Stein sind meine Favoriten. Mit dem<br>Auge des passionierten Fotografen suche ich nach Allt\u00e4glichem,<br>Gew\u00f6hnlichem, scheinbar Belanglosem und setzte diese Trouvailles<br>durch Komposition und Abstraktion in eigenst\u00e4ndige Skulpturen um.<br><mark style=\"background-color:rgba(0, 0, 0, 0);color:#040043\" class=\"has-inline-color is-layout-flow wp-block-details-is-layout-flow\"><strong>[Weiterlesen]<\/strong><\/mark><\/summary>\n<p style=\"font-size:18px\">Wie bei den Fotografien, bleibt auch in der Bildhauerei mein Hang zu \u00c4sthetik<br>sp\u00fcrbar. Mit den Ausdrucksmitteln von Fotografie und Bildhauerei will ich<br>nicht im Massentaumel von negativer Gesellschafts- und Umweltkritik<br>mitschwimmen. Vielmehr versuche ich \u00fcber ein positives Bewusstwerden der<br>noch vorhandenen und erhaltenswerten Sch\u00f6nheiten<br>unserer Welt (speziell auch in der Natur), genau denselben Weg zu<br>weisen, wie dies andere durch Schockieren versuchen. Neuere Arbeiten<br>bewegen sich weg von Umweltkritik und weisen auf ironische Art<br>vermehrt auf Abarten moderner Betriebswirtschaft und missverstandener<br>globaler Sachzw\u00e4nge hin. Ich f\u00fchle, dass unsere heutige Gesellschaft<br>die abendl\u00e4ndische, christliche Kultur und das verantwortungsbewusste,<br>volkswirtschaftliche Denken verloren hat. Die neuesten Arbeiten aus den<br>in der Fotografie bereits ausgekosteten Stanzabf\u00e4llen entfliehen komplett<br>dem Gedanken der Kritik und symbolisieren im Tanz den Traum der<br>partnerschaftlichen Verbindung. Die Verbindung von Hautfarben,<br>Religionen, Kulturen, Arm und Reich, zum Mensch sein und gl\u00fccklich<br>sein.<\/p>\n<\/details>\n<\/div>\n\n\n\n<div class=\"wp-block-column is-layout-flow wp-block-column-is-layout-flow\" style=\"flex-basis:33.33%\">\n<figure class=\"wp-block-image size-full has-custom-border hover-zoom\"><img loading=\"lazy\" decoding=\"async\" width=\"280\" height=\"420\" src=\"https:\/\/artriedwyl.ch\/wp-content\/uploads\/2025\/03\/KVice-versa.jpg\" alt=\"\" class=\"wp-image-969\" style=\"border-radius:4px\" srcset=\"https:\/\/artriedwyl.ch\/wp-content\/uploads\/2025\/03\/KVice-versa.jpg 280w, https:\/\/artriedwyl.ch\/wp-content\/uploads\/2025\/03\/KVice-versa-200x300.jpg 200w\" sizes=\"auto, (max-width: 280px) 100vw, 280px\" \/><\/figure>\n<\/div>\n<\/div>\n\n\n\n<div class=\"wp-block-buttons is-content-justification-center is-layout-flex wp-container-core-buttons-is-layout-a89b3969 wp-block-buttons-is-layout-flex\">\n<div class=\"wp-block-button button-hover-zoom is-style-outline is-style-outline--2\"><a class=\"wp-block-button__link has-white-color has-text-color has-background has-link-color has-text-align-center wp-element-button\" href=\"https:\/\/artriedwyl.ch\/?page_id=613\" style=\"border-radius:4px;background:linear-gradient(219deg,rgb(169,169,169) 1%,rgb(45,45,45) 100%)\">Zu SCULPTURE &#8211; ART Themenauswahl<\/a><\/div>\n<\/div>\n\n\n\n<div style=\"height:36px\" aria-hidden=\"true\" class=\"wp-block-spacer\"><\/div>\n\n\n\n<hr class=\"wp-block-separator has-text-color has-black-color has-alpha-channel-opacity has-black-background-color has-background is-style-wide\" style=\"margin-top:var(--wp--preset--spacing--30);margin-bottom:var(--wp--preset--spacing--30)\" id=\"sculpture\"\/>\n\n\n\n<div style=\"height:41px\" aria-hidden=\"true\" class=\"wp-block-spacer\"><\/div>\n\n\n\n<h2 class=\"wp-block-heading has-text-align-center has-black-color has-text-color has-link-color wp-elements-9e091ca9c78fee1dbff6f8d90b5b31e1\" id=\"light\">LIGHT &#8211; ART<\/h2>\n\n\n\n<div class=\"wp-block-columns is-layout-flex wp-container-core-columns-is-layout-28f84493 wp-block-columns-is-layout-flex\">\n<div class=\"wp-block-column is-layout-flow wp-block-column-is-layout-flow\" style=\"flex-basis:66.66%\">\n<details class=\"wp-block-details\" style=\"font-size:18px\"><summary>Ausschlaggebend f\u00fcr die Entwicklung von LIGHT ART war der Wettbewerb der Wohnsinn an der MUBA Basel, mit der Aufgabe, eine Designerlampe mit dem Einsatz einer Engergiesparbirnde zu schaffen. Diese Aufgabe fiel in die Zeit, in welcher ich micht fotografisch intensiv mit Stanzabf\u00e4llen befasste. Die Kombination von Abfallprodukt, Licht und Fototgrafie lies unter der Bezeichnung Zip to Nature eine Idee entstehen, welche ich noch heute weiter verfolge. Lampen, die sich mit einem Reissverschluss \u00f6ffnen lassen, und so die Knopse aus der H\u00fclle freigeben &#8211; das war dann auch mein Wettbewerbs-Beitrag, und LIGHT &#8211; ART war geboren. <br><mark style=\"background-color:rgba(0, 0, 0, 0);color:#040043\" class=\"has-inline-color is-layout-flow wp-block-details-is-layout-flow\"><strong>[Weiterlesen]<\/strong><\/mark><\/summary>\n<p style=\"font-size:18px\">Als Mitglied der M\u00fcnchensteiner K\u00fcnstlergruppe KULTURBAUM unter der Initiative von Paula Pakery entstand eine Verbindung, welche sich zum Ziel setzte, f\u00fcr das neu erstellte KUSPO (Kultur- und Sportzentrum, Bruckfeld, M\u00fcnchenstein) einen Konzertfl\u00fcgel zu beschaffen. Mit Ausstellungen und Kunstauktionen, Konzerten und Sponsoring konnten die Mittel f\u00fcr dieses hohe Ziel erreicht werden. Eigens zur Einweihung des Konzertfl\u00fcgels wurde eine Ausstellung mit Konzerten durchgef\u00fchrt. Als Symbol f\u00fcr diese Events, wurde ein Kultur-Bl\u00fctenbaum in monumentaler Gr\u00f6sse f\u00fcr den Vorplatz des KUSPO gestaltet.  Eine Lichtinstallation in der Art einer Lichtorgel wurde in Gemeinschaftsarbeit f\u00fcr diesen Event geschaffen. F\u00fcr die Idee und die Realisation der Leuchtk\u00f6rper verwendete ich einmal mehr Stanzabf\u00e4lle.                            Diese beiden Augaben haben mich befl\u00fcgelt, weitere Lichtobjekte aus Stanzabf\u00e4llen, aber auch aus Lichtbeton, und Bilder auf Plexiglas bderuckt, auf Schieferplatten oder Hintergrundbildern  montiert und hinterleuchtet zu gestalten. <\/p>\n<\/details>\n<\/div>\n\n\n\n<div class=\"wp-block-column is-layout-flow wp-block-column-is-layout-flow\" style=\"flex-basis:33.33%\">\n<figure class=\"wp-block-image size-full has-custom-border hover-zoom\"><img loading=\"lazy\" decoding=\"async\" width=\"768\" height=\"1024\" src=\"https:\/\/artriedwyl.ch\/wp-content\/uploads\/2025\/03\/Zip-to-Nature-III.jpg\" alt=\"\" class=\"wp-image-968\" style=\"border-radius:4px\" srcset=\"https:\/\/artriedwyl.ch\/wp-content\/uploads\/2025\/03\/Zip-to-Nature-III.jpg 768w, https:\/\/artriedwyl.ch\/wp-content\/uploads\/2025\/03\/Zip-to-Nature-III-225x300.jpg 225w\" sizes=\"auto, (max-width: 768px) 100vw, 768px\" \/><\/figure>\n<\/div>\n<\/div>\n\n\n\n<div class=\"wp-block-buttons is-content-justification-center is-layout-flex wp-container-core-buttons-is-layout-a89b3969 wp-block-buttons-is-layout-flex\">\n<div class=\"wp-block-button button-hover-zoom is-style-outline is-style-outline--3\"><a class=\"wp-block-button__link has-white-color has-text-color has-background has-link-color has-text-align-center wp-element-button\" href=\"https:\/\/artriedwyl.ch\/?page_id=1035\" style=\"border-radius:4px;background:linear-gradient(219deg,rgb(169,169,169) 1%,rgb(45,45,45) 100%)\">Zu LIGHT &#8211; ART Themenauswahl<\/a><\/div>\n<\/div>\n\n\n\n<div style=\"height:36px\" aria-hidden=\"true\" class=\"wp-block-spacer\"><\/div>\n\n\n\n<hr class=\"wp-block-separator has-text-color has-black-color has-alpha-channel-opacity has-black-background-color has-background is-style-wide\" style=\"margin-top:var(--wp--preset--spacing--30);margin-bottom:var(--wp--preset--spacing--30)\" id=\"ausstellungen\"\/>\n\n\n\n<h2 class=\"wp-block-heading has-text-align-center has-black-color has-text-color has-link-color wp-elements-8fd31a617d8c3b12956383136e68a841\" id=\"ausstellungen\">Ausstellungen \/ Presseberichte<\/h2>\n\n\n\n<p>Eine kurze Einleitung zu Ausstellungen \/ Presseberichte.<\/p>\n\n\n\n<div class=\"wp-block-buttons is-content-justification-center is-layout-flex wp-container-core-buttons-is-layout-a89b3969 wp-block-buttons-is-layout-flex\">\n<div class=\"wp-block-button button-hover-zoom is-style-outline is-style-outline--4\"><a class=\"wp-block-button__link has-white-color has-text-color has-background has-link-color wp-element-button\" href=\"https:\/\/artriedwyl.ch\/?page_id=934\" style=\"border-radius:4px;background:linear-gradient(219deg,rgb(169,169,169) 1%,rgb(45,45,45) 100%)\">Zu den Ausstellungen<\/a><\/div>\n\n\n\n<div class=\"wp-block-button button-hover-zoom is-style-outline is-style-outline--5\"><a class=\"wp-block-button__link has-white-color has-text-color has-background has-link-color wp-element-button\" href=\"https:\/\/artriedwyl.ch\/?page_id=793\" style=\"border-radius:4px;background:linear-gradient(219deg,rgb(169,169,169) 0%,rgb(45,45,45) 98%)\">Zu den Presseberichten<\/a><\/div>\n<\/div>\n\n\n\n<hr class=\"wp-block-separator has-text-color has-black-color has-alpha-channel-opacity has-black-background-color has-background is-style-wide\" style=\"margin-top:var(--wp--preset--spacing--30);margin-bottom:var(--wp--preset--spacing--30)\" id=\"person\"\/>\n\n\n\n<div style=\"height:47px\" aria-hidden=\"true\" class=\"wp-block-spacer\"><\/div>\n\n\n\n<h2 class=\"wp-block-heading has-text-align-center has-black-color has-text-color has-link-color wp-elements-3478125717fe95518b8c6f9245474b1a\">Zur Person:<\/h2>\n\n\n\n<p>Eine kurze Einleitung zur Person. EVTL. Bild<\/p>\n\n\n\n<div class=\"wp-block-buttons is-content-justification-center is-layout-flex wp-container-core-buttons-is-layout-a89b3969 wp-block-buttons-is-layout-flex\">\n<div class=\"wp-block-button button-hover-zoom is-style-outline is-style-outline--6\"><a class=\"wp-block-button__link has-white-color has-text-color has-background has-link-color wp-element-button\" href=\"https:\/\/artriedwyl.ch\/?page_id=396#vita\" style=\"border-radius:4px;background:linear-gradient(219deg,rgb(169,169,169) 1%,rgb(45,45,45) 100%)\">Vita<\/a><\/div>\n\n\n\n<div class=\"wp-block-button button-hover-zoom is-style-outline is-style-outline--7\"><a class=\"wp-block-button__link has-white-color has-text-color has-background has-link-color wp-element-button\" href=\"https:\/\/artriedwyl.ch\/?page_id=396#statement\" style=\"border-radius:4px;background:linear-gradient(219deg,rgb(169,169,169) 0%,rgb(45,45,45) 98%)\">Statement zu meinen Arbeiten<\/a><\/div>\n\n\n\n<div class=\"wp-block-button button-hover-zoom is-style-outline is-style-outline--8\"><a class=\"wp-block-button__link has-white-color has-text-color has-background has-link-color wp-element-button\" href=\"https:\/\/artriedwyl.ch\/?page_id=396#publikationen\" style=\"border-radius:4px;background:linear-gradient(219deg,rgb(169,169,169) 0%,rgb(45,45,45) 100%)\">Publikationen<\/a><\/div>\n\n\n\n<div class=\"wp-block-button button-hover-zoom is-style-outline is-style-outline--9\"><a class=\"wp-block-button__link has-white-color has-text-color has-background has-link-color wp-element-button\" href=\"https:\/\/artriedwyl.ch\/?page_id=396#ank\u00e4ufe\" style=\"border-radius:4px;background:linear-gradient(219deg,rgb(169,169,169) 0%,rgb(45,45,45) 100%)\">Ank\u00e4ufe<\/a><\/div>\n<\/div>\n\n\n\n<div style=\"height:48px\" aria-hidden=\"true\" class=\"wp-block-spacer\"><\/div>\n\n\n\n<hr class=\"wp-block-separator has-text-color has-black-color has-alpha-channel-opacity has-black-background-color has-background is-style-wide\" style=\"margin-top:var(--wp--preset--spacing--30);margin-bottom:var(--wp--preset--spacing--30)\" id=\"light\"\/>\n\n\n\n<h2 class=\"wp-block-heading has-text-align-center has-black-color has-text-color has-link-color wp-elements-106bbdbe4dbb55029318719ae3fc76e6\" id=\"kontakt\">Kontakt<\/h2>\n\n\n\n<p class=\"has-text-align-center\">Du m\u00f6chtest Kontakt aufnehmen?<\/p>\n\n\n\n<div class=\"wp-block-buttons is-content-justification-center is-layout-flex wp-container-core-buttons-is-layout-a89b3969 wp-block-buttons-is-layout-flex\">\n<div class=\"wp-block-button button-hover-zoom is-style-outline is-style-outline--10\"><a class=\"wp-block-button__link has-white-color has-text-color has-background has-link-color wp-element-button\" href=\"https:\/\/artriedwyl.ch\/?page_id=385\" style=\"border-radius:4px;background:linear-gradient(219deg,rgb(169,169,169) 1%,rgb(45,45,45) 100%)\">Kontaktformular<\/a><\/div>\n\n\n\n<div class=\"wp-block-button button-hover-zoom is-style-outline is-style-outline--11\"><a class=\"wp-block-button__link has-white-color has-text-color has-background has-link-color wp-element-button\" href=\"https:\/\/artriedwyl.ch\/?page_id=929\" style=\"border-radius:4px;background:linear-gradient(219deg,rgb(169,169,169) 0%,rgb(45,45,45) 98%)\">Kontaktformular f\u00fcr Ank\u00e4ufe<\/a><\/div>\n<\/div>\n\n\n\n<p><\/p>\n","protected":false},"excerpt":{"rendered":"<p>Aktuell: Fotoausstellung Spuren der Zeit FOTO \u2013 <br \/>Meine fotografischen Themen sind Sachaufnahmen im Nah- und Makrobereich von Natur und Technik. Die meisten meiner Aufnahmen sind Motive sehr einfacher Art. Durch den richtigen Lichteinfall, den gew\u00e4hlten Ausschnitt oder die ungew\u00f6hnliche Perspektive erhalten meine Arbeiten eine grafische Aussage. Oftmals geben die Bilder dem Betrachter R\u00e4tsel auf. Der Betrachter soll dadurch gefesselt werden. Mit der Begeisterung soll in ihm der Wunsch geweckt werden, wieder vermehrt selbst mit offenen Augen durch den Alltag zu gehen. Dabei wird jedermann schnell erfahren, dass so vieles um ihn herum sehr erfreulich ist, was dem Betrachter neue innere Befriedigung geben kann.<\/p>\n<p>Nach anf\u00e4nglich statischen Kompositionen sind es heute Lichtmalereien, welche durch die situative Stimmung, unter der Einwirkung der Elemente Luft, Wasser und Licht, die Fotografien f\u00f6rmlich zum tanzen oder schwingen bringen. Das Spiel mit den verp\u00f6nten fotografischen Fehlern von Unsch\u00e4rfe, Verwackelung und Fehlbelichtung bringt gezielt eingesetzt, neue Sichtweisen. Mit einem weiteren Schritt in die digitale<br \/>Bildverarbeitung, entstehen schlussendlich ganz spezielle Klangbilder.<\/p>\n<p>Es ist mir ein Anliegen, mit meinen Fotografien zum Nachdenken und Innehalten zu bewegen. Ich m\u00f6chte ein positives Weltbild vermitteln. Ich w\u00fcrde gerne einen Beitrag leisten f\u00fcr eine motivierte, engagierte, verantwortungsbewusste und lebenswerte Zukunft f\u00fcr jeden einzelnen. Ich glaube, dass die schockierenden Bilder, die wir tagt\u00e4glich zu sehen bekommen, uns abgestumpft haben und ihre Wirkung heute verfehlen.<br \/>Es hat sich eine gewisse Ohnmacht bei Politik und Wirtschaft eingestellt, aus der wir nur durch Eigenverantwortung und Optimismus zur\u00fcckfinden.<\/p>\n<p>Daher sind meine Aufnahmen nicht Sachfotografien mit gr\u00f6sstm\u00f6glicher Detailtreue, noch Reportagefotos mit pr\u00e4zise eingefangenen Situationen, nicht Dokumentationsfotografien mit dem Anspruch auf ein naturge-treues Abbild und auch nicht Werbeaufnahmen welche eine Traumwelt vorgaukeln. Nein, meine Arbeiten sind viel eher mit der Technik der Fotografie gemalte Lichtbilder.ART Sculpture \u2013 Art Sculpturen in Holz Sculpturen in Stein Installationen in Metall [\u2026]<\/p>\n","protected":false},"author":2,"featured_media":0,"parent":0,"menu_order":0,"comment_status":"closed","ping_status":"closed","template":"","meta":{"site-sidebar-layout":"default","site-content-layout":"","ast-site-content-layout":"","site-content-style":"default","site-sidebar-style":"default","ast-global-header-display":"","ast-banner-title-visibility":"","ast-main-header-display":"","ast-hfb-above-header-display":"","ast-hfb-below-header-display":"","ast-hfb-mobile-header-display":"","site-post-title":"disabled","ast-breadcrumbs-content":"","ast-featured-img":"","footer-sml-layout":"","theme-transparent-header-meta":"","adv-header-id-meta":"","stick-header-meta":"","header-above-stick-meta":"","header-main-stick-meta":"","header-below-stick-meta":"","astra-migrate-meta-layouts":"default","ast-page-background-enabled":"default","ast-page-background-meta":{"desktop":{"background-color":"var(--ast-global-color-5)","background-image":"","background-repeat":"repeat","background-position":"center center","background-size":"auto","background-attachment":"scroll","background-type":"","background-media":"","overlay-type":"","overlay-color":"","overlay-opacity":"","overlay-gradient":""},"tablet":{"background-color":"","background-image":"","background-repeat":"repeat","background-position":"center center","background-size":"auto","background-attachment":"scroll","background-type":"","background-media":"","overlay-type":"","overlay-color":"","overlay-opacity":"","overlay-gradient":""},"mobile":{"background-color":"","background-image":"","background-repeat":"repeat","background-position":"center center","background-size":"auto","background-attachment":"scroll","background-type":"","background-media":"","overlay-type":"","overlay-color":"","overlay-opacity":"","overlay-gradient":""}},"ast-content-background-meta":{"desktop":{"background-color":"var(--ast-global-color-4)","background-image":"","background-repeat":"repeat","background-position":"center center","background-size":"auto","background-attachment":"scroll","background-type":"","background-media":"","overlay-type":"","overlay-color":"","overlay-opacity":"","overlay-gradient":""},"tablet":{"background-color":"var(--ast-global-color-4)","background-image":"","background-repeat":"repeat","background-position":"center center","background-size":"auto","background-attachment":"scroll","background-type":"","background-media":"","overlay-type":"","overlay-color":"","overlay-opacity":"","overlay-gradient":""},"mobile":{"background-color":"var(--ast-global-color-4)","background-image":"","background-repeat":"repeat","background-position":"center center","background-size":"auto","background-attachment":"scroll","background-type":"","background-media":"","overlay-type":"","overlay-color":"","overlay-opacity":"","overlay-gradient":""}},"footnotes":""},"class_list":["post-45","page","type-page","status-publish","hentry"],"_links":{"self":[{"href":"https:\/\/artriedwyl.ch\/index.php?rest_route=\/wp\/v2\/pages\/45","targetHints":{"allow":["GET"]}}],"collection":[{"href":"https:\/\/artriedwyl.ch\/index.php?rest_route=\/wp\/v2\/pages"}],"about":[{"href":"https:\/\/artriedwyl.ch\/index.php?rest_route=\/wp\/v2\/types\/page"}],"author":[{"embeddable":true,"href":"https:\/\/artriedwyl.ch\/index.php?rest_route=\/wp\/v2\/users\/2"}],"replies":[{"embeddable":true,"href":"https:\/\/artriedwyl.ch\/index.php?rest_route=%2Fwp%2Fv2%2Fcomments&post=45"}],"version-history":[{"count":174,"href":"https:\/\/artriedwyl.ch\/index.php?rest_route=\/wp\/v2\/pages\/45\/revisions"}],"predecessor-version":[{"id":1085,"href":"https:\/\/artriedwyl.ch\/index.php?rest_route=\/wp\/v2\/pages\/45\/revisions\/1085"}],"wp:attachment":[{"href":"https:\/\/artriedwyl.ch\/index.php?rest_route=%2Fwp%2Fv2%2Fmedia&parent=45"}],"curies":[{"name":"wp","href":"https:\/\/api.w.org\/{rel}","templated":true}]}}