{"id":1035,"date":"2025-04-27T08:50:34","date_gmt":"2025-04-27T08:50:34","guid":{"rendered":"https:\/\/artriedwyl.ch\/?page_id=1035"},"modified":"2025-09-11T21:20:49","modified_gmt":"2025-09-11T21:20:49","slug":"light-art","status":"publish","type":"page","link":"https:\/\/artriedwyl.ch\/?page_id=1035","title":{"rendered":"Light art"},"content":{"rendered":"\n<a href=\"javascript:history.back()\" class=\"floating-back-button hover-zoom\">\n    <span class=\"arrow-icon\">&lt;<\/span>\n<\/a>\n\n\n\n<div class=\"wp-block-columns is-layout-flex wp-container-core-columns-is-layout-28f84493 wp-block-columns-is-layout-flex\">\n<div class=\"wp-block-column is-layout-flow wp-block-column-is-layout-flow\" style=\"flex-basis:100%\">\n<div class=\"wp-block-cover alignfull is-light hestia-clear-top-padding\" style=\"min-height:1334px;aspect-ratio:unset;\"><span aria-hidden=\"true\" class=\"wp-block-cover__background has-white-background-color has-background-dim-0 has-background-dim\"><\/span><div class=\"wp-block-cover__inner-container is-layout-flow wp-block-cover-is-layout-flow\">\n<h2 class=\"wp-block-heading has-text-align-center html has-black-color has-text-color\">LIGHT &#8211; ART<\/h2>\n\n\n\n<div style=\"height:25px\" aria-hidden=\"true\" class=\"wp-block-spacer\"><\/div>\n\n\n\n<hr class=\"wp-block-separator has-text-color has-black-color has-alpha-channel-opacity has-black-background-color has-background is-style-wide\" style=\"margin-top:var(--wp--preset--spacing--30);margin-bottom:var(--wp--preset--spacing--30)\" id=\"foto\"\/>\n\n\n\n<div style=\"height:25px\" aria-hidden=\"true\" class=\"wp-block-spacer\"><\/div>\n\n\n\n<div class=\"wp-block-columns is-layout-flex wp-container-core-columns-is-layout-28f84493 wp-block-columns-is-layout-flex\">\n<div class=\"wp-block-column is-layout-flow wp-block-column-is-layout-flow\">\n<h2 class=\"wp-block-heading\" style=\"border-style:none;border-width:0px;border-radius:0px;padding-top:var(--wp--preset--spacing--20);padding-right:var(--wp--preset--spacing--50);padding-bottom:var(--wp--preset--spacing--20);padding-left:var(--wp--preset--spacing--50);font-size:28px\"><mark style=\"background-color:rgba(0, 0, 0, 0)\" class=\"has-inline-color has-black-color\">Installationen<\/mark><\/h2>\n\n\n\n\n\n<details class=\"wp-block-details has-black-color has-text-color has-link-color wp-elements-5435fff9f607e681addae8038f62df46\"><summary><strong>von Licht-Orgel bis Licht-Plastik<\/strong><br>\u00a0<br>Alles begann mit der Idee von Paula Pakery und der Gruppe Kulturbaum, welche sich zum Ziel setzte, f\u00fcr die Er\u00f6ffnung des Kultur-und Sport Centers ein Monument zu erschaffen. Eine Lichtorgel soll auf dem Vorplatz zum Besuch einladen. Ich gestaltete die &#8222;Bl\u00e4tter&#8220; f\u00fcr diesen Kulturbaum.<br><mark style=\"background-color:rgba(0, 0, 0, 0);color:#040043\" class=\"has-inline-color is-layout-flow wp-block-details-is-layout-flow\">[<strong>Weiterlesen]<\/strong><\/mark><br><\/summary>\n<p>Zu einem sp\u00e4teren Zeitpunkt erhielt ich Lichtbeton, und begann Skulpturen mit diesem Material zu gestallten. Es entstanden ganz spezielle Licht-Kunstwerke.<\/p>\n<\/details>\n\n\n\n<div class=\"wp-block-buttons is-content-justification-center is-layout-flex wp-container-core-buttons-is-layout-a89b3969 wp-block-buttons-is-layout-flex\">\n<div class=\"wp-block-button button-hover-zoom is-style-outline is-style-outline--1\"><a class=\"wp-block-button__link has-white-color has-text-color has-background has-link-color has-text-align-center wp-element-button\" style=\"border-radius:4px;background:linear-gradient(219deg,rgb(169,169,169) 1%,rgb(45,45,45) 100%)\">Zur Galerie<\/a><\/div>\n<\/div>\n<\/div>\n\n\n\n<div class=\"wp-block-column is-layout-flow wp-block-column-is-layout-flow\">\n<h2 class=\"wp-block-heading\" style=\"border-style:none;border-width:0px;border-radius:0px;padding-top:var(--wp--preset--spacing--20);padding-right:var(--wp--preset--spacing--50);padding-bottom:var(--wp--preset--spacing--20);padding-left:var(--wp--preset--spacing--50);font-size:28px\">Leuchten<\/h2>\n\n\n\n\n\n<details class=\"wp-block-details has-black-color has-text-color has-link-color wp-elements-4247ba87d3f4abfaa059416222966809 is-layout-flow wp-block-details-is-layout-flow\"><summary><strong>Lampen und Leuchten<\/strong><br>\u00a0<br>Bei den Aufnahmen f\u00fcr die Serie &#8222;steelsymphony&#8220; fotografierte ich Stanzabf\u00e4lle aus verschiedenen Blechqualit\u00e4ten. Diese Stanzabf\u00e4lle brachten mich auf die Idee, durch Einsetzen von Grossdias zwischen verbogenen oder ausgeschnittenen Blechen zu montieren, und auf der R\u00fcckseite matte Plexiglasscheiben einzusetzen. So entstanden Lampen und Leuchten mit einem diffusen Licht zur R\u00fcckwand. Diese Lichter sind ideale Augenschoner bei PC Arbeit oder neben dem Fernseher.   Ausl\u00f6ser war ein Wettbewerb zur Gestaltung eines Lichts mit Sparlampe anl\u00e4sslich der MUBA.<br><\/summary>\n<p>L\u00e4ngerer Text zum Thema&#8230;<\/p>\n<\/details>\n\n\n\n<div class=\"wp-block-buttons is-content-justification-center is-layout-flex wp-container-core-buttons-is-layout-a89b3969 wp-block-buttons-is-layout-flex\">\n<div class=\"wp-block-button button-hover-zoom is-style-outline is-style-outline--2\"><a class=\"wp-block-button__link has-white-color has-text-color has-background has-link-color has-text-align-center wp-element-button\" style=\"border-radius:4px;background:linear-gradient(219deg,rgb(169,169,169) 1%,rgb(45,45,45) 100%)\">Zur Galerie<\/a><\/div>\n<\/div>\n<\/div>\n\n\n\n<div class=\"wp-block-column is-layout-flow wp-block-column-is-layout-flow\">\n<h2 class=\"wp-block-heading\" style=\"border-style:none;border-width:0px;border-radius:0px;padding-top:var(--wp--preset--spacing--20);padding-right:var(--wp--preset--spacing--50);padding-bottom:var(--wp--preset--spacing--20);padding-left:var(--wp--preset--spacing--50);font-size:28px\"><mark style=\"background-color:rgba(0, 0, 0, 0)\" class=\"has-inline-color has-black-color\">Licht-Bilder<\/mark><\/h2>\n\n\n\n\n\n<details class=\"wp-block-details has-black-color has-text-color has-link-color wp-elements-066472c804a067780876c537fb5ef450\"><summary><strong>Hinterleuchtete Fotografien <\/strong>                           Grossdias d.h. Fotografien auf transparente Folien gedruckt und dann mit LED hinterleuchtet, waren ein Ziel von mir, um mit der Fotografie auch &#8222;Gebrauchsgegenst\u00e4nde&#8220; zu gestalten.                                          Diese Lichtbilder eignen sich vorz\u00fcglich als dezente Nachtlichter, oder Wanddekorationen.<mark style=\"background-color:rgba(0, 0, 0, 0);color:#040043\" class=\"has-inline-color is-layout-flow wp-block-details-is-layout-flow\">[<strong>Weiterlesen]<\/strong><\/mark><br><\/summary>\n<p>L\u00e4ngerer Text zum Thema&#8230;<\/p>\n<\/details>\n\n\n\n<div class=\"wp-block-buttons is-content-justification-center is-layout-flex wp-container-core-buttons-is-layout-a89b3969 wp-block-buttons-is-layout-flex\">\n<div class=\"wp-block-button button-hover-zoom is-style-outline is-style-outline--3\"><a class=\"wp-block-button__link has-white-color has-text-color has-background has-link-color has-text-align-center wp-element-button\" style=\"border-radius:4px;background:linear-gradient(219deg,rgb(169,169,169) 1%,rgb(45,45,45) 100%)\">Zur Galerie<\/a><\/div>\n<\/div>\n<\/div>\n<\/div>\n\n\n\n<div style=\"height:52px\" aria-hidden=\"true\" class=\"wp-block-spacer\"><\/div>\n\n\n\n<div class=\"wp-block-columns is-layout-flex wp-container-core-columns-is-layout-28f84493 wp-block-columns-is-layout-flex\">\n<div class=\"wp-block-column is-layout-flow wp-block-column-is-layout-flow\">\n\n\n<details class=\"wp-block-details has-black-color has-text-color has-link-color wp-elements-d97951ee2066f60d02b28d969cc1cfc7\"><summary><strong>T<\/strong><br>\u00a0<br>Kurze Zusammenfassung<br><mark style=\"background-color:rgba(0, 0, 0, 0);color:#040043\" class=\"has-inline-color is-layout-flow wp-block-details-is-layout-flow\">[<strong>Weiterlesen]<\/strong><\/mark><br><\/summary>\n<p>L\u00e4ngerer Text zum Thema&#8230;<\/p>\n<\/details>\n\n\n\n<div class=\"wp-block-buttons is-content-justification-center is-layout-flex wp-container-core-buttons-is-layout-a89b3969 wp-block-buttons-is-layout-flex\">\n<div class=\"wp-block-button button-hover-zoom is-style-outline is-style-outline--4\"><a class=\"wp-block-button__link has-white-color has-text-color has-background has-link-color has-text-align-center wp-element-button\" style=\"border-radius:4px;background:linear-gradient(219deg,rgb(169,169,169) 1%,rgb(45,45,45) 100%)\">Zur Galerie<\/a><\/div>\n<\/div>\n<\/div>\n\n\n\n<div class=\"wp-block-column is-layout-flow wp-block-column-is-layout-flow\">\n\n\n<details class=\"wp-block-details has-black-color has-text-color has-link-color wp-elements-9912f624414f52c957b1e7edae7a767a\"><summary><strong>Tagebuch einer Abfalltonne<\/strong><br>&nbsp;<br>Kurze Zusammenfassung<br><mark style=\"background-color:rgba(0, 0, 0, 0);color:#040043\" class=\"has-inline-color is-layout-flow wp-block-details-is-layout-flow\">[<strong>Weiterlesen]<\/strong><\/mark><br><\/summary>\n<p>L\u00e4ngerer Text zum Thema&#8230;<\/p>\n<\/details>\n\n\n\n<div class=\"wp-block-buttons is-content-justification-center is-layout-flex wp-container-core-buttons-is-layout-a89b3969 wp-block-buttons-is-layout-flex\">\n<div class=\"wp-block-button button-hover-zoom is-style-outline is-style-outline--5\"><a class=\"wp-block-button__link has-white-color has-text-color has-background has-link-color has-text-align-center wp-element-button\" style=\"border-radius:4px;background:linear-gradient(219deg,rgb(169,169,169) 1%,rgb(45,45,45) 100%)\">Zur Galerie<\/a><\/div>\n<\/div>\n<\/div>\n\n\n\n<div class=\"wp-block-column is-layout-flow wp-block-column-is-layout-flow\">\n\n\n<details class=\"wp-block-details has-black-color has-text-color has-link-color wp-elements-9912f624414f52c957b1e7edae7a767a\"><summary><strong>Tagebuch einer Abfalltonne<\/strong><br>&nbsp;<br>Kurze Zusammenfassung<br><mark style=\"background-color:rgba(0, 0, 0, 0);color:#040043\" class=\"has-inline-color is-layout-flow wp-block-details-is-layout-flow\">[<strong>Weiterlesen]<\/strong><\/mark><br><\/summary>\n<p>L\u00e4ngerer Text zum Thema&#8230;<\/p>\n<\/details>\n\n\n\n<div class=\"wp-block-buttons is-content-justification-center is-layout-flex wp-container-core-buttons-is-layout-a89b3969 wp-block-buttons-is-layout-flex\">\n<div class=\"wp-block-button button-hover-zoom is-style-outline is-style-outline--6\"><a class=\"wp-block-button__link has-white-color has-text-color has-background has-link-color has-text-align-center wp-element-button\" style=\"border-radius:4px;background:linear-gradient(219deg,rgb(169,169,169) 1%,rgb(45,45,45) 100%)\">Zur Galerie<\/a><\/div>\n<\/div>\n<\/div>\n<\/div>\n<\/div><\/div>\n\n\n\n<div class=\"wp-block-columns is-layout-flex wp-container-core-columns-is-layout-28f84493 wp-block-columns-is-layout-flex\">\n<div class=\"wp-block-column is-layout-flow wp-block-column-is-layout-flow\">\n<h2 class=\"wp-block-heading\" style=\"border-style:none;border-width:0px;border-radius:0px;padding-top:var(--wp--preset--spacing--20);padding-right:var(--wp--preset--spacing--50);padding-bottom:var(--wp--preset--spacing--20);padding-left:var(--wp--preset--spacing--50);font-size:28px\"><mark style=\"background-color:rgba(0, 0, 0, 0)\" class=\"has-inline-color has-black-color\">Titel<\/mark><\/h2>\n\n\n\n\n\n<details class=\"wp-block-details has-black-color has-text-color has-link-color wp-elements-9912f624414f52c957b1e7edae7a767a\"><summary><strong>Tagebuch einer Abfalltonne<\/strong><br>&nbsp;<br>Kurze Zusammenfassung<br><mark style=\"background-color:rgba(0, 0, 0, 0);color:#040043\" class=\"has-inline-color is-layout-flow wp-block-details-is-layout-flow\">[<strong>Weiterlesen]<\/strong><\/mark><br><\/summary>\n<p>L\u00e4ngerer Text zum Thema&#8230;<\/p>\n<\/details>\n\n\n\n<div class=\"wp-block-buttons is-content-justification-center is-layout-flex wp-container-core-buttons-is-layout-a89b3969 wp-block-buttons-is-layout-flex\">\n<div class=\"wp-block-button button-hover-zoom is-style-outline is-style-outline--7\"><a class=\"wp-block-button__link has-white-color has-text-color has-background has-link-color has-text-align-center wp-element-button\" style=\"border-radius:4px;background:linear-gradient(219deg,rgb(169,169,169) 1%,rgb(45,45,45) 100%)\">Zur Galerie<\/a><\/div>\n<\/div>\n<\/div>\n\n\n\n<div class=\"wp-block-column is-layout-flow wp-block-column-is-layout-flow\">\n<h2 class=\"wp-block-heading\" style=\"border-style:none;border-width:0px;border-radius:0px;padding-top:var(--wp--preset--spacing--20);padding-right:var(--wp--preset--spacing--50);padding-bottom:var(--wp--preset--spacing--20);padding-left:var(--wp--preset--spacing--50);font-size:28px\"><mark style=\"background-color:rgba(0, 0, 0, 0)\" class=\"has-inline-color has-black-color\">Titel<\/mark><\/h2>\n\n\n\n\n\n<details class=\"wp-block-details has-black-color has-text-color has-link-color wp-elements-9912f624414f52c957b1e7edae7a767a\"><summary><strong>Tagebuch einer Abfalltonne<\/strong><br>&nbsp;<br>Kurze Zusammenfassung<br><mark style=\"background-color:rgba(0, 0, 0, 0);color:#040043\" class=\"has-inline-color is-layout-flow wp-block-details-is-layout-flow\">[<strong>Weiterlesen]<\/strong><\/mark><br><\/summary>\n<p>L\u00e4ngerer Text zum Thema&#8230;<\/p>\n<\/details>\n\n\n\n<div class=\"wp-block-buttons is-content-justification-center is-layout-flex wp-container-core-buttons-is-layout-a89b3969 wp-block-buttons-is-layout-flex\">\n<div class=\"wp-block-button button-hover-zoom is-style-outline is-style-outline--8\"><a class=\"wp-block-button__link has-white-color has-text-color has-background has-link-color has-text-align-center wp-element-button\" style=\"border-radius:4px;background:linear-gradient(219deg,rgb(169,169,169) 1%,rgb(45,45,45) 100%)\">Zur Galerie<\/a><\/div>\n<\/div>\n<\/div>\n\n\n\n<div class=\"wp-block-column is-layout-flow wp-block-column-is-layout-flow\">\n<h2 class=\"wp-block-heading\" style=\"border-style:none;border-width:0px;border-radius:0px;padding-top:var(--wp--preset--spacing--20);padding-right:var(--wp--preset--spacing--50);padding-bottom:var(--wp--preset--spacing--20);padding-left:var(--wp--preset--spacing--50);font-size:28px\"><mark style=\"background-color:rgba(0, 0, 0, 0)\" class=\"has-inline-color has-black-color\">Titel<\/mark><\/h2>\n\n\n\n\n\n<details class=\"wp-block-details has-black-color has-text-color has-link-color wp-elements-9912f624414f52c957b1e7edae7a767a\"><summary><strong>Tagebuch einer Abfalltonne<\/strong><br>&nbsp;<br>Kurze Zusammenfassung<br><mark style=\"background-color:rgba(0, 0, 0, 0);color:#040043\" class=\"has-inline-color is-layout-flow wp-block-details-is-layout-flow\">[<strong>Weiterlesen]<\/strong><\/mark><br><\/summary>\n<p>L\u00e4ngerer Text zum Thema&#8230;<\/p>\n<\/details>\n\n\n\n<div class=\"wp-block-buttons is-content-justification-center is-layout-flex wp-container-core-buttons-is-layout-a89b3969 wp-block-buttons-is-layout-flex\">\n<div class=\"wp-block-button button-hover-zoom is-style-outline is-style-outline--9\"><a class=\"wp-block-button__link has-white-color has-text-color has-background has-link-color has-text-align-center wp-element-button\" style=\"border-radius:4px;background:linear-gradient(219deg,rgb(169,169,169) 1%,rgb(45,45,45) 100%)\">Zur Galerie<\/a><\/div>\n<\/div>\n<\/div>\n<\/div>\n<\/div>\n<\/div>\n\n\n\n<div style=\"height:52px\" aria-hidden=\"true\" class=\"wp-block-spacer\"><\/div>\n","protected":false},"excerpt":{"rendered":"<p>&lt; Titel Titel Titel<\/p>\n","protected":false},"author":2,"featured_media":0,"parent":0,"menu_order":0,"comment_status":"closed","ping_status":"closed","template":"","meta":{"site-sidebar-layout":"default","site-content-layout":"","ast-site-content-layout":"","site-content-style":"default","site-sidebar-style":"default","ast-global-header-display":"","ast-banner-title-visibility":"","ast-main-header-display":"","ast-hfb-above-header-display":"","ast-hfb-below-header-display":"","ast-hfb-mobile-header-display":"","site-post-title":"disabled","ast-breadcrumbs-content":"","ast-featured-img":"","footer-sml-layout":"","theme-transparent-header-meta":"","adv-header-id-meta":"","stick-header-meta":"","header-above-stick-meta":"","header-main-stick-meta":"","header-below-stick-meta":"","astra-migrate-meta-layouts":"default","ast-page-background-enabled":"default","ast-page-background-meta":{"desktop":{"background-color":"var(--ast-global-color-5)","background-image":"","background-repeat":"repeat","background-position":"center center","background-size":"auto","background-attachment":"scroll","background-type":"","background-media":"","overlay-type":"","overlay-color":"","overlay-opacity":"","overlay-gradient":""},"tablet":{"background-color":"","background-image":"","background-repeat":"repeat","background-position":"center center","background-size":"auto","background-attachment":"scroll","background-type":"","background-media":"","overlay-type":"","overlay-color":"","overlay-opacity":"","overlay-gradient":""},"mobile":{"background-color":"","background-image":"","background-repeat":"repeat","background-position":"center center","background-size":"auto","background-attachment":"scroll","background-type":"","background-media":"","overlay-type":"","overlay-color":"","overlay-opacity":"","overlay-gradient":""}},"ast-content-background-meta":{"desktop":{"background-color":"var(--ast-global-color-4)","background-image":"","background-repeat":"repeat","background-position":"center center","background-size":"auto","background-attachment":"scroll","background-type":"","background-media":"","overlay-type":"","overlay-color":"","overlay-opacity":"","overlay-gradient":""},"tablet":{"background-color":"var(--ast-global-color-4)","background-image":"","background-repeat":"repeat","background-position":"center center","background-size":"auto","background-attachment":"scroll","background-type":"","background-media":"","overlay-type":"","overlay-color":"","overlay-opacity":"","overlay-gradient":""},"mobile":{"background-color":"var(--ast-global-color-4)","background-image":"","background-repeat":"repeat","background-position":"center center","background-size":"auto","background-attachment":"scroll","background-type":"","background-media":"","overlay-type":"","overlay-color":"","overlay-opacity":"","overlay-gradient":""}},"footnotes":""},"class_list":["post-1035","page","type-page","status-publish","hentry"],"_links":{"self":[{"href":"https:\/\/artriedwyl.ch\/index.php?rest_route=\/wp\/v2\/pages\/1035","targetHints":{"allow":["GET"]}}],"collection":[{"href":"https:\/\/artriedwyl.ch\/index.php?rest_route=\/wp\/v2\/pages"}],"about":[{"href":"https:\/\/artriedwyl.ch\/index.php?rest_route=\/wp\/v2\/types\/page"}],"author":[{"embeddable":true,"href":"https:\/\/artriedwyl.ch\/index.php?rest_route=\/wp\/v2\/users\/2"}],"replies":[{"embeddable":true,"href":"https:\/\/artriedwyl.ch\/index.php?rest_route=%2Fwp%2Fv2%2Fcomments&post=1035"}],"version-history":[{"count":10,"href":"https:\/\/artriedwyl.ch\/index.php?rest_route=\/wp\/v2\/pages\/1035\/revisions"}],"predecessor-version":[{"id":1118,"href":"https:\/\/artriedwyl.ch\/index.php?rest_route=\/wp\/v2\/pages\/1035\/revisions\/1118"}],"wp:attachment":[{"href":"https:\/\/artriedwyl.ch\/index.php?rest_route=%2Fwp%2Fv2%2Fmedia&parent=1035"}],"curies":[{"name":"wp","href":"https:\/\/api.w.org\/{rel}","templated":true}]}}